{"id":2106,"date":"2021-03-25T04:08:26","date_gmt":"2021-03-25T04:08:26","guid":{"rendered":"http:\/\/localhost\/nuss\/?page_id=298"},"modified":"2025-07-27T11:52:24","modified_gmt":"2025-07-27T11:52:24","slug":"erlebnisse","status":"publish","type":"page","link":"https:\/\/pujingwaitinghotel.com\/de\/experiences\/","title":{"rendered":"Kundenerfahrungen &amp; Bewertungen"},"content":{"rendered":"<div data-elementor-type=\"wp-page\" data-elementor-id=\"2106\" class=\"elementor elementor-2106\">\n\t\t\t\t\t\t<section class=\"elementor-section elementor-top-section elementor-element elementor-element-1954ffc elementor-section-boxed elementor-section-gap-beside-yes elementor-section-height-default elementor-section-height-default elementor-section-column-vertical-align-stretch\" data-id=\"1954ffc\" data-element_type=\"section\" data-e-type=\"section\">\n\t\t\t\t\t\t<div class=\"elementor-container elementor-column-gap-extended\">\n\t\t\t\t\t<div class=\"elementor-column elementor-col-100 elementor-top-column elementor-element elementor-element-86aebc5\" data-id=\"86aebc5\" data-element_type=\"column\" data-e-type=\"column\">\n\t\t\t<div class=\"elementor-widget-wrap elementor-element-populated\">\n\t\t\t\t\t\t<div class=\"elementor-element elementor-element-11803d1 elementor-widget__width-initial elementor-invisible elementor-widget elementor-widget-text-editor\" data-id=\"11803d1\" data-element_type=\"widget\" data-e-type=\"widget\" data-settings=\"{&quot;_animation&quot;:&quot;nussFadeInUp&quot;}\" data-widget_type=\"text-editor.default\">\n\t\t\t\t\t\t\t\t\t<p><strong data-spm-anchor-id=\"a2ty_o01.29997173.0.i25.30bcc921Sjso5I\">Entdecken Sie, warum Reisende sich f\u00fcr das Pujing Waiting Hotel im Herzen von Shanghai entscheiden<\/strong><\/p>\t\t\t\t\t\t\t\t<\/div>\n\t\t\t\t\t<\/div>\n\t\t<\/div>\n\t\t\t\t\t<\/div>\n\t\t<\/section>\n\t\t<div class=\"elementor-element elementor-element-f7b711c e-flex e-con-boxed e-con e-parent\" data-id=\"f7b711c\" data-element_type=\"container\" data-e-type=\"container\">\n\t\t\t\t\t<div class=\"e-con-inner\">\n\t\t\t\t<div class=\"elementor-element elementor-element-93b8f1d elementor-widget elementor-widget-text-editor\" data-id=\"93b8f1d\" data-element_type=\"widget\" data-e-type=\"widget\" data-widget_type=\"text-editor.default\">\n\t\t\t\t\t\t\t\t\t<p data-spm-anchor-id=\"a2ty_o01.29997173.0.i23.30bcc921Sjso5I\">Wenn es darum geht, eine zuverl\u00e4ssige, komfortable und strategisch gelegene Unterkunft in Shanghai zu finden, <strong data-spm-anchor-id=\"a2ty_o01.29997173.0.i24.30bcc921Sjso5I\">Pujing Waiting Hotel (U-Bahnhof Shanghai People&#039;s Square Xinzha Road)<\/strong> ist still und leise zu einem Favoriten unter versierten Reisenden geworden. Eingebettet in das gesch\u00e4ftige <strong>Bezirk Huangpu<\/strong>, nur wenige Schritte von <strong>U-Bahn-Station Xinzha Road (Linie 1)<\/strong>Dieses moderne Boutique-Hotel bietet eine erfrischende Mischung aus <strong>Erschwinglichkeit, Komfort und aufmerksamer Service<\/strong>\u2014eine Kombination, die sich immer wieder im G\u00e4stefeedback auf Top-Reiseplattformen widerspiegelt, wie <strong>Trip.com, Ctrip, Booking.com und Google-Bewertungen<\/strong>.<\/p>\n<p>Obwohl das Pujing Waiting Hotel nicht \u00fcber das auff\u00e4llige Branding einer F\u00fcnf-Sterne-Kette verf\u00fcgt, basiert sein wachsender Ruf auf <strong>echte G\u00e4steerlebnisse<\/strong>\u2014ehrlich, detailliert und \u00fcberw\u00e4ltigend positiv. Reisende aus aller Welt loben das Hotel f\u00fcr seine <strong>ausgezeichnete Lage, saubere Zimmer und ein gutes Preis-Leistungs-Verh\u00e4ltnis<\/strong>, was es zu einer hervorragenden Wahl f\u00fcr Gesch\u00e4ftsreisende, Familien und Alleinreisende gleicherma\u00dfen macht.<\/p>\n<h3><strong>Was G\u00e4ste sagen: Ehrliches Feedback von echten Aufenthalten<\/strong><\/h3>\n<p>An <strong>Trip.com<\/strong>, wo das Hotel eine starke G\u00e4stebewertung aufrechterh\u00e4lt, heben Besucher h\u00e4ufig seine <strong>erstklassige Konnektivit\u00e4t<\/strong> Und <strong>praktischer Komfort<\/strong>Ein Gast aus S\u00fcdkorea teilte mit:<\/p>\n<blockquote>\n<p><em>Dieses Hotel ist perfekt gelegen, um Shanghai zu erkunden. Die U-Bahn-Station Xinzha Road liegt direkt gegen\u00fcber, und der Platz des Volkes ist nur zwei Haltestellen entfernt. Das Zimmer war klein, aber makellos sauber, mit schnellem WLAN und einem bequemen Bett. F\u00fcr den Preis kann man nicht mehr verlangen. Ich w\u00fcrde jederzeit wieder hier \u00fcbernachten.<\/em><\/p>\n<\/blockquote>\n<p>Ein anderer Reisender aus Deutschland, der im Rahmen einer Gesch\u00e4ftskonferenz zu Besuch war, lobte die Effizienz des Hotels:<\/p>\n<blockquote>\n<p><em>Ich brauchte eine einfache, saubere Unterkunft zum Schlafen zwischen zwei Meetings, und das Pujing Waiting Hotel hat mir genau das geboten. Der Check-in verlief schnell, das Personal war h\u00f6flich und hilfsbereit, und die Klimaanlage funktionierte einwandfrei. Es ist zwar nicht luxuri\u00f6s, aber zuverl\u00e4ssig \u2013 genau das, was ich in einer gesch\u00e4ftigen Stadt brauchte.<\/em><\/p>\n<\/blockquote>\n<p>Familien sch\u00e4tzen au\u00dferdem die zentrale Lage und die praktische Ausstattung des Hotels. Ein Gast aus Singapur schrieb:<\/p>\n<blockquote>\n<p><em>Wir waren mit unseren beiden Kindern hier und fanden es sehr praktisch. In der N\u00e4he der U-Bahn, des Volksparks und des Shanghai-Museums. Das Zimmer war einfach, aber funktional, und die Lage sparte uns stundenlange Fahrtzeit. Ein tolles Preis-Leistungs-Verh\u00e4ltnis f\u00fcr eine Familie mit kleinem Budget.<\/em><\/p>\n<\/blockquote>\n<p>Obwohl das Hotel derzeit nicht auf <strong>TripAdvisor<\/strong>, seine Pr\u00e4senz auf gro\u00dfen <strong>Online-Reiseb\u00fcros (OTAs)<\/strong> wie <strong>Trip.com, Booking.com und Ctrip<\/strong> bietet eine F\u00fclle verifizierter G\u00e4steeinblicke. Diese Plattformen bieten transparente Bewertungen nach dem Aufenthalt, die ein konsistentes G\u00e4steerlebnis widerspiegeln: <strong>Einfacher Zugang, saubere Unterk\u00fcnfte und ein unkomplizierter Ansatz f\u00fcr urbane Gastfreundschaft<\/strong>.<\/p>\n<h3><strong>Themen, die im G\u00e4stefeedback hervorstechen<\/strong><\/h3>\n<p>Nach der Analyse von Dutzenden von Bewertungen tauchen immer wieder mehrere Schl\u00fcsselthemen auf, die den Ruf des Pujing Waiting Hotel als kluge Wahl f\u00fcr Reisende untermauern, die Wert legen auf <strong>Funktionalit\u00e4t und Standort<\/strong> \u00fcber Extravaganz.<\/p>\n<h4>\u2705 <strong>Unschlagbarer U-Bahn-Zugang<\/strong><\/h4>\n<p>G\u00e4ste betonen immer wieder die <strong>24\/7-Zugang zur Xinzha Road Station (Linie 1)<\/strong>, die direkt mit <strong>Platz des Volkes, Nanjing Road, Bund und Bahnhof Shanghai<\/strong>F\u00fcr Besucher, die mit der Stadt nicht vertraut sind, ist diese Art des reibungslosen Transits von unsch\u00e4tzbarem Wert.<\/p>\n<h4>\u2705 <strong>Saubere, einfache und gepflegte Zimmer<\/strong><\/h4>\n<p>Rezensenten verwenden oft W\u00f6rter wie <em>\u201esauber\u201c, \u201eruhig\u201c,<\/em> Und <em>\u201egepflegt\u201c<\/em> um ihre Zimmer zu beschreiben. W\u00e4hrend die Unterk\u00fcnfte eher modern und minimalistisch als ger\u00e4umig sind, sch\u00e4tzen die G\u00e4ste die <strong>hochwertige Bettw\u00e4sche, funktionale Schreibtische und private Badezimmer mit Warmwasser<\/strong>\u2013 das Wesentliche f\u00fcr einen erholsamen Aufenthalt.<\/p>\n<h4>\u2705 <strong>Tolles Preis-Leistungs-Verh\u00e4ltnis<\/strong><\/h4>\n<p>In einer Stadt, in der zentrale Hotels teuer sein k\u00f6nnen, zeichnet sich das Pujing Waiting Hotel durch seine <strong>erschwingliche Preise ohne Kompromisse bei Sicherheit oder Hygiene<\/strong>Reisende bewerten es durchweg als <strong>\u201epreisg\u00fcnstiges Juwel\u201c<\/strong> das f\u00fchlt sich nicht billig an.<\/p>\n<h4>\u2705 <strong>Freundliches und hilfsbereites Personal<\/strong><\/h4>\n<p>Trotz seiner bescheidenen Gr\u00f6\u00dfe ist das Hotel <strong>24-Stunden-Rezeption<\/strong> erh\u00e4lt durchg\u00e4ngiges Lob daf\u00fcr, <strong>reaktionsschnell, h\u00f6flich und hilfsbereit<\/strong> mit Wegbeschreibungen, U-Bahn-Tipps oder Gep\u00e4ckaufbewahrung.<\/p>\n<h4>\u2705 <strong>Ideal f\u00fcr Gesch\u00e4fts- und Kulturreisende<\/strong><\/h4>\n<p>Dank der N\u00e4he zu <strong>Platz des Volkes<\/strong>\u2013 Heimat der <strong>Shanghai Museum, Urban Planning Exhibition Center und Regierungsgeb\u00e4ude<\/strong>\u2014das Hotel ist eine beliebte Wahl f\u00fcr beide <strong>Gesch\u00e4ftsleute und Kulturinteressierte<\/strong>. G\u00e4ste sch\u00e4tzen es, wichtige Ziele zu Fu\u00df oder mit einer kurzen U-Bahn-Fahrt erreichen zu k\u00f6nnen.<\/p>\n<div class=\"py-2 my-3\"><hr \/><\/div>\n<h3><strong>Warum diesen Bewertungen vertrauen?<\/strong><\/h3>\n<p>Das Feedback zu <strong>Trip.com und andere OTAs<\/strong> kommt aus <strong>verifizierte G\u00e4ste<\/strong> die ihren Aufenthalt abgeschlossen haben, was die Authentizit\u00e4t gew\u00e4hrleistet. Im Gegensatz zu nicht verifizierten oder anonymen Quellen erfordern diese Plattformen echte Buchungen und nutzen h\u00e4ufig KI und Moderation, um gef\u00e4lschte Bewertungen zu verhindern. Dies macht die positive Stimmung f\u00fcr das Pujing Waiting Hotel noch bedeutsamer \u2013 sie ist nicht das Ergebnis von Marketing, sondern von <strong>gleichbleibende G\u00e4stezufriedenheit<\/strong>.<\/p>\n<p>Dar\u00fcber hinaus reagiert das Hotel aktiv auf G\u00e4stekommentare und zeigt damit sein Engagement f\u00fcr <strong>kontinuierliche Verbesserung und G\u00e4stebetreuung<\/strong>\u2013 ein Zeichen von Professionalit\u00e4t, das Reisende bemerken und sch\u00e4tzen.<\/p>\n<div class=\"py-2 my-3\"><hr \/><\/div>\n<h3><strong>Ein Hotel, das die Bed\u00fcrfnisse moderner Reisender versteht<\/strong><\/h3>\n<p>Das Pujing Waiting Hotel versucht nicht, alles f\u00fcr jeden zu sein. Stattdessen konzentriert es sich auf das Wichtigste: <strong>ein sauberes Zimmer, ein bequemes Bett, schnelles WLAN und eine Lage, von der aus die ganze Stadt erreichbar ist<\/strong>In einer Welt, in der Reisen \u00fcberw\u00e4ltigend sein kann, ist diese Einfachheit eine St\u00e4rke.<\/p>\n<p>Ob Sie an einem Meeting in Pudong teilnehmen, die antiken Bronzen im Shanghai Museum erkunden oder einfach nur durch die pulsierenden Stra\u00dfen der Nanjing Road schlendern \u2013 Ihr Erlebnis beginnt mit Ihrer Unterkunft. Und f\u00fcr Hunderte von G\u00e4sten <strong>Das Pujing Waiting Hotel war die ruhige, zuverl\u00e4ssige Grundlage f\u00fcr eine erfolgreiche Reise nach Shanghai<\/strong>.<\/p>\n<div class=\"py-2 my-3\"><hr \/><\/div>\n<h3><strong>Lesen Sie die Bewertungen. Sp\u00fcren Sie den Unterschied.<\/strong><\/h3>\n<p>Schlie\u00dfen Sie sich der wachsenden Zahl von Reisenden an, die das ruhige Vertrauen entdeckt haben, in <strong>Pujing Waiting Hotel<\/strong>. Es verf\u00fcgt zwar nicht \u00fcber einen Pool oder ein luxuri\u00f6ses Spa, bietet aber etwas Wertvolleres: <strong>Seelenfrieden, praktischer Komfort und eine Lage, die Shanghai zu Ihrem Hinterhof macht<\/strong>.<\/p>\n<div class=\"my-2\">\u00a0<\/div>\n<p>Entdecken Sie die gesamte Sammlung von G\u00e4steerlebnissen auf <strong>Trip.com <\/strong> Und <strong>Booking.com <\/strong>, und sehen Sie, warum so viele sagen:<\/p>\n<blockquote>\n<p><em>\u201eEs ist nichts Besonderes, aber es ist genau das, was Sie brauchen.\u201c<\/em><\/p>\n<\/blockquote>\n<p data-spm-anchor-id=\"a2ty_o01.29997173.0.i22.30bcc921Sjso5I\"><strong>Buchen Sie noch heute Ihren Aufenthalt in der N\u00e4he der U-Bahn-Station Xinzha Road und erleben Sie Shanghai nach Ihren Vorstellungen \u2013 mit dem Pujing Waiting Hotel als Ihrer vertrauensw\u00fcrdigen Basis.<\/strong><\/p>\t\t\t\t\t\t\t\t<\/div>\n\t\t\t\t\t<\/div>\n\t\t\t\t<\/div>\n\t\t\t\t<section class=\"elementor-section elementor-top-section elementor-element elementor-element-6364f6d3 elementor-section-stretched elementor-section-boxed elementor-section-gap-beside-yes elementor-section-height-default elementor-section-height-default elementor-section-column-vertical-align-stretch\" data-id=\"6364f6d3\" data-element_type=\"section\" data-e-type=\"section\" data-settings=\"{&quot;background_background&quot;:&quot;classic&quot;,&quot;stretch_section&quot;:&quot;section-stretched&quot;}\">\n\t\t\t\t\t\t<div class=\"elementor-container elementor-column-gap-extended\">\n\t\t\t\t\t<div class=\"elementor-column elementor-col-100 elementor-top-column elementor-element elementor-element-1d0be6d6\" data-id=\"1d0be6d6\" data-element_type=\"column\" data-e-type=\"column\">\n\t\t\t<div class=\"elementor-widget-wrap elementor-element-populated\">\n\t\t\t\t\t\t<div class=\"elementor-element elementor-element-28529ca9 elementor-widget elementor-widget-heading\" data-id=\"28529ca9\" data-element_type=\"widget\" data-e-type=\"widget\" data-widget_type=\"heading.default\">\n\t\t\t\t\t<h2 class=\"elementor-heading-title elementor-size-default\">Verf\u00fcgbarkeit pr\u00fcfen <\/h2>\t\t\t\t<\/div>\n\t\t\t\t<div class=\"elementor-element elementor-element-bea4ec0 elementor-widget elementor-widget-text-editor\" data-id=\"bea4ec0\" data-element_type=\"widget\" data-e-type=\"widget\" data-widget_type=\"text-editor.default\">\n\t\t\t\t\t\t\t\t\t<iframe border=\"0\" src=\"https:\/\/www.trip.com\/partners\/ad\/S4604854?Allianceid=4590391&#038;SID=242252557&#038;trip_sub1=\" style=\"width:900px;height:200px\" frameborder=\"0\" scrolling=\"no\" id=\"S4604854\"><\/iframe>\t\t\t\t\t\t\t\t<\/div>\n\t\t\t\t\t<\/div>\n\t\t<\/div>\n\t\t\t\t\t<\/div>\n\t\t<\/section>\n\t\t\t\t<\/div>","protected":false},"excerpt":{"rendered":"<p>Discover Why Travelers Choose Pujing Waiting Hotel in the Heart of Shanghai When it comes to finding a reliable, comfortable, and strategically located place to stay in Shanghai, Pujing Waiting Hotel (Shanghai People&#8217;s Square Xinzha Road Subway Station) has quietly become a favorite among savvy travelers. Nestled in the bustling Huangpu District, just steps from [&hellip;]<\/p>\n","protected":false},"author":1,"featured_media":0,"parent":0,"menu_order":0,"comment_status":"closed","ping_status":"closed","template":"","meta":{"footnotes":""},"class_list":["post-2106","page","type-page","status-publish","hentry","post-no-thumbnail"],"_links":{"self":[{"href":"https:\/\/pujingwaitinghotel.com\/de\/wp-json\/wp\/v2\/pages\/2106","targetHints":{"allow":["GET"]}}],"collection":[{"href":"https:\/\/pujingwaitinghotel.com\/de\/wp-json\/wp\/v2\/pages"}],"about":[{"href":"https:\/\/pujingwaitinghotel.com\/de\/wp-json\/wp\/v2\/types\/page"}],"author":[{"embeddable":true,"href":"https:\/\/pujingwaitinghotel.com\/de\/wp-json\/wp\/v2\/users\/1"}],"replies":[{"embeddable":true,"href":"https:\/\/pujingwaitinghotel.com\/de\/wp-json\/wp\/v2\/comments?post=2106"}],"version-history":[{"count":0,"href":"https:\/\/pujingwaitinghotel.com\/de\/wp-json\/wp\/v2\/pages\/2106\/revisions"}],"wp:attachment":[{"href":"https:\/\/pujingwaitinghotel.com\/de\/wp-json\/wp\/v2\/media?parent=2106"}],"curies":[{"name":"wp","href":"https:\/\/api.w.org\/{rel}","templated":true}]}}