{"id":612,"date":"2021-03-26T10:04:13","date_gmt":"2021-03-26T10:04:13","guid":{"rendered":"http:\/\/localhost\/nuss\/?page_id=612"},"modified":"2025-07-27T12:06:20","modified_gmt":"2025-07-27T12:06:20","slug":"restaurant","status":"publish","type":"page","link":"https:\/\/pujingwaitinghotel.com\/de\/restaurant\/","title":{"rendered":"Restaurant"},"content":{"rendered":"<div data-elementor-type=\"wp-page\" data-elementor-id=\"612\" class=\"elementor elementor-612\">\n\t\t\t\t\t\t<section class=\"elementor-section elementor-top-section elementor-element elementor-element-e2effe8 elementor-section-boxed elementor-section-gap-beside-yes elementor-section-height-default elementor-section-height-default elementor-section-column-vertical-align-stretch\" data-id=\"e2effe8\" data-element_type=\"section\" data-e-type=\"section\">\n\t\t\t\t\t\t<div class=\"elementor-container elementor-column-gap-extended\">\n\t\t\t\t\t<div class=\"elementor-column elementor-col-100 elementor-top-column elementor-element elementor-element-e18f688\" data-id=\"e18f688\" data-element_type=\"column\" data-e-type=\"column\">\n\t\t\t<div class=\"elementor-widget-wrap elementor-element-populated\">\n\t\t\t\t\t\t<div class=\"elementor-element elementor-element-6db146d elementor-widget__width-initial elementor-invisible elementor-widget elementor-widget-text-editor\" data-id=\"6db146d\" data-element_type=\"widget\" data-e-type=\"widget\" data-settings=\"{&quot;_animation&quot;:&quot;nussFadeInUp&quot;}\" data-widget_type=\"text-editor.default\">\n\t\t\t\t\t\t\t\t\t<p><strong data-spm-anchor-id=\"a2ty_o01.29997173.0.i34.30bcc921Sjso5I\">Eine lokale kulinarische Oase im Herzen von Shanghai<\/strong><\/p>\t\t\t\t\t\t\t\t<\/div>\n\t\t\t\t\t<\/div>\n\t\t<\/div>\n\t\t\t\t\t<\/div>\n\t\t<\/section>\n\t\t<div class=\"elementor-element elementor-element-c1e1375 e-flex e-con-boxed e-con e-parent\" data-id=\"c1e1375\" data-element_type=\"container\" data-e-type=\"container\">\n\t\t\t\t\t<div class=\"e-con-inner\">\n\t\t\t\t<div class=\"elementor-element elementor-element-ed3722f elementor-widget elementor-widget-text-editor\" data-id=\"ed3722f\" data-element_type=\"widget\" data-e-type=\"widget\" data-widget_type=\"text-editor.default\">\n\t\t\t\t\t\t\t\t\t<p data-spm-anchor-id=\"a2ty_o01.29997173.0.i33.30bcc921Sjso5I\">Eingebettet in die einladende Umarmung von <strong>Pujing Waiting Hotel (U-Bahnhof Shanghai People&#039;s Square Xinzha Road)<\/strong>, <strong>Caf\u00e9 Zha<\/strong> bietet ein erfrischend authentisches kulinarisches Erlebnis, das \u00fcber das typische Hotelrestaurant hinausgeht. Das Caf\u00e9 Zha ist mehr als nur ein Ort zum Essen, es ist als <strong>kulinarische Kreuzung<\/strong> Hier treffen die lebendigen Aromen Shanghais auf die Bequemlichkeit internationaler Hausmannskost und schaffen so eine warme und einladende Atmosph\u00e4re f\u00fcr G\u00e4ste und Einheimische gleicherma\u00dfen.<\/p><p>Nur wenige Schritte vom gesch\u00e4ftigen <strong>U-Bahnhof Xinzha Stra\u00dfe<\/strong>, unser Caf\u00e9 liegt ideal in der <strong>Bezirk Huangpu<\/strong>, das kulturelle und kommerzielle Herz der Stadt. Egal, ob Sie gerade von der U-Bahn angekommen sind, sich auf einen Tag voller Erkundungen vorbereiten <strong>Platz des Volkes<\/strong> und die <strong>Shanghai-Museum<\/strong>, oder entspannen Sie sich nach einem langen Tag voller Gesch\u00e4ftstreffen? Das Caf\u00e9 Zha bietet die perfekte Pause. Unsere Speisekarte zelebriert das reiche kulinarische Erbe Chinas und verw\u00f6hnt gleichzeitig internationale Gaumen. Beginnen Sie Ihren Morgen mit einem nahrhaften <strong>Shanghai-Fr\u00fchst\u00fcck<\/strong>\u2014genie\u00dfen Sie dampfende Sch\u00fcsseln Congee, zart <em>Xiao Long Bao<\/em> (Suppenkn\u00f6del) oder herzhafte Fr\u00fchlingszwiebelpfannkuchen, alles mit frischen, regionalen Zutaten zubereitet. F\u00fcr diejenigen, die es gem\u00fctlich m\u00f6gen, bieten wir auch ein gut zubereitetes <strong>Westliches Fr\u00fchst\u00fccksbuffet<\/strong> mit Eiern, Toast, Geb\u00e4ck und Premium-Kaffee.<\/p>\t\t\t\t\t\t\t\t<\/div>\n\t\t\t\t\t<\/div>\n\t\t\t\t<\/div>\n\t\t<div class=\"elementor-element elementor-element-b9e9f61 e-flex e-con-boxed e-con e-parent\" data-id=\"b9e9f61\" data-element_type=\"container\" data-e-type=\"container\">\n\t\t\t\t\t<div class=\"e-con-inner\">\n\t\t\t\t<div class=\"elementor-element elementor-element-0594e4b elementor-widget elementor-widget-nuss-image-gallery\" data-id=\"0594e4b\" data-element_type=\"widget\" data-e-type=\"widget\" data-widget_type=\"nuss-image-gallery.default\">\n\t\t\t\t<div class=\"elementor-widget-container\">\n\t\t\t\t\t\t\t<div class=\"nuss-grid-wrapper\" data-grid=\"{&quot;type&quot;:&quot;grid&quot;,&quot;ratio&quot;:null,&quot;columns&quot;:3,&quot;gutter&quot;:30}\">\r\n\t\t\t<div class=\"nuss-grid lazy-grid\">\r\n\t\t\t\t<div class=\"grid-sizer\"><\/div>\r\n\r\n\t\t\t\t\t\t\t\t\t\t\t\t<div class=\"grid-item\">\r\n\t\t\t\t\t\t<div class=\"nuss-box\">\t\t<div class=\"nuss-image image\">\r\n\t\t\t<img decoding=\"async\"  src=\"https:\/\/pujingwaitinghotel.com\/wp-content\/uploads\/2025\/07\/Pujing-Waiting-Hotel-23.webp\" alt=\"Pujing Waiting Hotel (23)\" \/>\t\t<\/div>\r\n\t\t\t\t<\/div>\t\t\t\t\t<\/div>\r\n\t\t\t\t\t\t<div class=\"grid-item\">\r\n\t\t\t\t\t\t<div class=\"nuss-box\">\t\t<div class=\"nuss-image image\">\r\n\t\t\t<img decoding=\"async\"  src=\"https:\/\/pujingwaitinghotel.com\/wp-content\/uploads\/2025\/07\/Pujing-Waiting-Hotel-22.webp\" alt=\"Pujing Waiting Hotel (22)\" \/>\t\t<\/div>\r\n\t\t\t\t<\/div>\t\t\t\t\t<\/div>\r\n\t\t\t\t\t\t<div class=\"grid-item\">\r\n\t\t\t\t\t\t<div class=\"nuss-box\">\t\t<div class=\"nuss-image image\">\r\n\t\t\t<img decoding=\"async\"  src=\"https:\/\/pujingwaitinghotel.com\/wp-content\/uploads\/2025\/07\/Pujing-Waiting-Hotel-20.webp\" alt=\"Pujing Waiting Hotel (20)\" \/>\t\t<\/div>\r\n\t\t\t\t<\/div>\t\t\t\t\t<\/div>\r\n\t\t\t\t\t\t<div class=\"grid-item\">\r\n\t\t\t\t\t\t<div class=\"nuss-box\">\t\t<div class=\"nuss-image image\">\r\n\t\t\t<img decoding=\"async\"  src=\"https:\/\/pujingwaitinghotel.com\/wp-content\/uploads\/2025\/07\/Pujing-Waiting-Hotel-21.webp\" alt=\"Pujing Waiting Hotel (21)\" \/>\t\t<\/div>\r\n\t\t\t\t<\/div>\t\t\t\t\t<\/div>\r\n\t\t\t\t\t\t<div class=\"grid-item\">\r\n\t\t\t\t\t\t<div class=\"nuss-box\">\t\t<div class=\"nuss-image image\">\r\n\t\t\t<img decoding=\"async\"  src=\"https:\/\/pujingwaitinghotel.com\/wp-content\/uploads\/2025\/07\/Pujing-Waiting-Hotel-19.webp\" alt=\"Pujing Waiting Hotel (19)\" \/>\t\t<\/div>\r\n\t\t\t\t<\/div>\t\t\t\t\t<\/div>\r\n\t\t\t\t\t\t<div class=\"grid-item\">\r\n\t\t\t\t\t\t<div class=\"nuss-box\">\t\t<div class=\"nuss-image image\">\r\n\t\t\t<img decoding=\"async\"  src=\"https:\/\/pujingwaitinghotel.com\/wp-content\/uploads\/2025\/07\/Pujing-Waiting-Hotel-18.webp\" alt=\"Pujing Waiting Hotel (18)\" \/>\t\t<\/div>\r\n\t\t\t\t<\/div>\t\t\t\t\t<\/div>\r\n\t\t\t\t\t\t<div class=\"grid-item\">\r\n\t\t\t\t\t\t<div class=\"nuss-box\">\t\t<div class=\"nuss-image image\">\r\n\t\t\t<img decoding=\"async\"  src=\"https:\/\/pujingwaitinghotel.com\/wp-content\/uploads\/2025\/07\/Pujing-Waiting-Hotel-5.webp\" alt=\"Pujing Waiting Hotel (5)\" \/>\t\t<\/div>\r\n\t\t\t\t<\/div>\t\t\t\t\t<\/div>\r\n\t\t\t\t\t\t<div class=\"grid-item\">\r\n\t\t\t\t\t\t<div class=\"nuss-box\">\t\t<div class=\"nuss-image image\">\r\n\t\t\t<img decoding=\"async\"  src=\"https:\/\/pujingwaitinghotel.com\/wp-content\/uploads\/2025\/07\/Pujing-Waiting-Hotel-6.webp\" alt=\"Pujing Waiting Hotel (6)\" \/>\t\t<\/div>\r\n\t\t\t\t<\/div>\t\t\t\t\t<\/div>\r\n\t\t\t\t\t\t\t\r\n\t\t\t<\/div>\r\n\t\t<\/div>\r\n\t\t\t\t\t\t<\/div>\n\t\t\t\t<\/div>\n\t\t\t\t\t<\/div>\n\t\t\t\t<\/div>\n\t\t<div class=\"elementor-element elementor-element-07bc6c2 e-flex e-con-boxed e-con e-parent\" data-id=\"07bc6c2\" data-element_type=\"container\" data-e-type=\"container\">\n\t\t\t\t\t<div class=\"e-con-inner\">\n\t\t\t\t<div class=\"elementor-element elementor-element-183ae70 elementor-widget elementor-widget-text-editor\" data-id=\"183ae70\" data-element_type=\"widget\" data-e-type=\"widget\" data-widget_type=\"text-editor.default\">\n\t\t\t\t\t\t\t\t\t<p>Im Laufe des Tages verwandelt sich das Caf\u00e9 Zha in einen entspannten Ort f\u00fcr leichte Mittagessen und Erfrischungen am Nachmittag. Unsere Speisekarte bietet eine kuratierte Auswahl an <strong>Asiatische Spezialit\u00e4ten<\/strong>Von duftenden Nudelschalen und w\u00fcrzigen Reisgerichten bis hin zu knackigen Salaten und erfrischenden Getr\u00e4nken. Wir sind stolz auf die Verwendung hochwertiger Zutaten, um Ihnen gleichbleibend s\u00e4ttigende Mahlzeiten zu bieten, die Ihr Shanghai-Abenteuer befl\u00fcgeln. Das moderne und minimalistische Ambiente spiegelt das effiziente, geradlinige Design des Pujing Waiting Hotels wider und strahlt dennoch W\u00e4rme und Gastfreundschaft aus. Gro\u00dfe Fenster lassen Tageslicht herein und schaffen einen hellen und luftigen Raum, der sich perfekt zum Lesen, Arbeiten am Laptop oder f\u00fcr ein ruhiges Gespr\u00e4ch eignet.<\/p><p>Obwohl das Caf\u00e9 Zha kein Full-Service-Restaurant oder eine aufwendige Abendkarte vorweisen kann, zeichnet es sich durch die Bereitstellung von <strong>durchdachte, zug\u00e4ngliche und k\u00f6stliche Gerichte<\/strong> f\u00fcr den modernen Reisenden. Wir verstehen, dass Ihre Zeit in Shanghai kostbar ist. Deshalb konzentrieren wir uns auf <strong>Effizienz und Qualit\u00e4t<\/strong>Genie\u00dfen Sie eine leckere Mahlzeit ohne F\u00f6rmlichkeiten und lange Wartezeiten. Hier k\u00f6nnen Sie sich vor der Fahrt zur U-Bahn einen schnellen Kaffee und ein Geb\u00e4ck holen, nach dem Besuch des Urban Planning Exhibition Center ein herzhaftes Mittagessen genie\u00dfen oder einfach bei einer Tasse Tee entspannen und das Stadtleben beobachten.<\/p><p data-spm-anchor-id=\"a2ty_o01.29997173.0.i32.30bcc921Sjso5I\">Das Caf\u00e9 Zha ist mehr als eine Hotelausstattung; es ist ein <strong>Juwel der Nachbarschaft<\/strong> Das Hotel verk\u00f6rpert den Geist seines Standorts \u2013 praktisch, gut vernetzt und herzlich. Hier trifft das Praktische auf das Angenehme und bietet ein einfaches, zufriedenstellendes kulinarisches Erlebnis, das Ihren Aufenthalt im Pujing Waiting Hotel perfekt abrundet. Erleben Sie die herzliche Gastfreundschaft Shanghais \u2013 mit jedem k\u00f6stlichen Bissen.<\/p>\t\t\t\t\t\t\t\t<\/div>\n\t\t\t\t\t<\/div>\n\t\t\t\t<\/div>\n\t\t\t\t<section class=\"elementor-section elementor-top-section elementor-element elementor-element-67c3e578 elementor-section-stretched elementor-section-boxed elementor-section-gap-beside-yes elementor-section-height-default elementor-section-height-default elementor-section-column-vertical-align-stretch\" data-id=\"67c3e578\" data-element_type=\"section\" data-e-type=\"section\" data-settings=\"{&quot;background_background&quot;:&quot;classic&quot;,&quot;stretch_section&quot;:&quot;section-stretched&quot;}\">\n\t\t\t\t\t\t<div class=\"elementor-container elementor-column-gap-extended\">\n\t\t\t\t\t<div class=\"elementor-column elementor-col-100 elementor-top-column elementor-element elementor-element-3e897979\" data-id=\"3e897979\" data-element_type=\"column\" data-e-type=\"column\">\n\t\t\t<div class=\"elementor-widget-wrap elementor-element-populated\">\n\t\t\t\t\t\t<div class=\"elementor-element elementor-element-1b189345 elementor-widget elementor-widget-heading\" data-id=\"1b189345\" data-element_type=\"widget\" data-e-type=\"widget\" data-widget_type=\"heading.default\">\n\t\t\t\t\t<h2 class=\"elementor-heading-title elementor-size-default\">Verf\u00fcgbarkeit pr\u00fcfen <\/h2>\t\t\t\t<\/div>\n\t\t\t\t<div class=\"elementor-element elementor-element-7aeaf28e elementor-widget elementor-widget-text-editor\" data-id=\"7aeaf28e\" data-element_type=\"widget\" data-e-type=\"widget\" data-widget_type=\"text-editor.default\">\n\t\t\t\t\t\t\t\t\t<iframe border=\"0\" src=\"https:\/\/www.trip.com\/partners\/ad\/S4604854?Allianceid=4590391&#038;SID=242252557&#038;trip_sub1=\" style=\"width:900px;height:200px\" frameborder=\"0\" scrolling=\"no\" id=\"S4604854\"><\/iframe>\t\t\t\t\t\t\t\t<\/div>\n\t\t\t\t\t<\/div>\n\t\t<\/div>\n\t\t\t\t\t<\/div>\n\t\t<\/section>\n\t\t\t\t<\/div>","protected":false},"excerpt":{"rendered":"<p>A Local Culinary Haven at the Heart of Shanghai Tucked within the welcoming embrace of Pujing Waiting Hotel (Shanghai People&#8217;s Square Xinzha Road Subway Station), Caf\u00e9 Zha offers a refreshingly authentic dining experience that goes beyond the typical hotel restaurant. More than just a place to grab a meal, Caf\u00e9 Zha is designed as a [&hellip;]<\/p>\n","protected":false},"author":1,"featured_media":0,"parent":0,"menu_order":0,"comment_status":"closed","ping_status":"closed","template":"","meta":{"footnotes":""},"class_list":["post-612","page","type-page","status-publish","hentry","post-no-thumbnail"],"_links":{"self":[{"href":"https:\/\/pujingwaitinghotel.com\/de\/wp-json\/wp\/v2\/pages\/612","targetHints":{"allow":["GET"]}}],"collection":[{"href":"https:\/\/pujingwaitinghotel.com\/de\/wp-json\/wp\/v2\/pages"}],"about":[{"href":"https:\/\/pujingwaitinghotel.com\/de\/wp-json\/wp\/v2\/types\/page"}],"author":[{"embeddable":true,"href":"https:\/\/pujingwaitinghotel.com\/de\/wp-json\/wp\/v2\/users\/1"}],"replies":[{"embeddable":true,"href":"https:\/\/pujingwaitinghotel.com\/de\/wp-json\/wp\/v2\/comments?post=612"}],"version-history":[{"count":0,"href":"https:\/\/pujingwaitinghotel.com\/de\/wp-json\/wp\/v2\/pages\/612\/revisions"}],"wp:attachment":[{"href":"https:\/\/pujingwaitinghotel.com\/de\/wp-json\/wp\/v2\/media?parent=612"}],"curies":[{"name":"wp","href":"https:\/\/api.w.org\/{rel}","templated":true}]}}