{"id":647,"date":"2021-03-29T02:13:52","date_gmt":"2021-03-29T02:13:52","guid":{"rendered":"http:\/\/localhost\/nuss\/?page_id=647"},"modified":"2025-07-27T13:31:58","modified_gmt":"2025-07-27T13:31:58","slug":"dienstleistungen","status":"publish","type":"page","link":"https:\/\/pujingwaitinghotel.com\/de\/services\/","title":{"rendered":"Leistungen"},"content":{"rendered":"<div data-elementor-type=\"wp-page\" data-elementor-id=\"647\" class=\"elementor elementor-647\">\n\t\t\t\t\t\t<section class=\"elementor-section elementor-top-section elementor-element elementor-element-3353bc8 elementor-section-boxed elementor-section-gap-beside-yes elementor-section-height-default elementor-section-height-default elementor-section-column-vertical-align-stretch\" data-id=\"3353bc8\" data-element_type=\"section\" data-e-type=\"section\">\n\t\t\t\t\t\t<div class=\"elementor-container elementor-column-gap-extended\">\n\t\t\t\t\t<div class=\"elementor-column elementor-col-100 elementor-top-column elementor-element elementor-element-0a2bc64\" data-id=\"0a2bc64\" data-element_type=\"column\" data-e-type=\"column\">\n\t\t\t<div class=\"elementor-widget-wrap elementor-element-populated\">\n\t\t\t\t\t\t<div class=\"elementor-element elementor-element-447e3ef elementor-widget__width-initial elementor-invisible elementor-widget elementor-widget-text-editor\" data-id=\"447e3ef\" data-element_type=\"widget\" data-e-type=\"widget\" data-settings=\"{&quot;_animation&quot;:&quot;nussFadeInUp&quot;}\" data-widget_type=\"text-editor.default\">\n\t\t\t\t\t\t\t\t\t<p>Wir tun unser Bestes, um allen unseren G\u00e4sten die Dienstleistungen und Einrichtungen zu bieten, die ihren Aufenthalt unvergesslich machen.<\/p>\t\t\t\t\t\t\t\t<\/div>\n\t\t\t\t\t<\/div>\n\t\t<\/div>\n\t\t\t\t\t<\/div>\n\t\t<\/section>\n\t\t<div class=\"elementor-element elementor-element-f820377 e-flex e-con-boxed e-con e-parent\" data-id=\"f820377\" data-element_type=\"container\" data-e-type=\"container\">\n\t\t\t\t\t<div class=\"e-con-inner\">\n\t\t\t\t<div class=\"elementor-element elementor-element-29c4ffc elementor-widget elementor-widget-text-editor\" data-id=\"29c4ffc\" data-element_type=\"widget\" data-e-type=\"widget\" data-widget_type=\"text-editor.default\">\n\t\t\t\t\t\t\t\t\t<p>Bei <strong>Pujing Waiting Hotel (U-Bahnhof Shanghai People&#039;s Square Xinzha Road)<\/strong>Wir wissen, dass ein erfolgreicher Aufenthalt in einer pulsierenden Metropole wie Shanghai von <strong>Zuverl\u00e4ssigkeit, Komfort und Liebe zum Detail<\/strong>. Unsere Dienstleistungen sind sorgf\u00e4ltig darauf ausgelegt, Ihnen ein reibungsloses und stressfreies Erlebnis zu bieten, damit Sie sich ganz auf die Erkundung der unendlichen Energie der Stadt konzentrieren k\u00f6nnen, von den historischen Gassen in der N\u00e4he des Volksplatzes bis hin zur schillernden Skyline des Bundes. Nur wenige Schritte von <strong>U-Bahnhof Xinzha Road (Linie 1)<\/strong>Unser Hotel ist eine praktische und komfortable Oase, in der moderne Annehmlichkeiten auf effiziente, g\u00e4steorientierte Gastfreundschaft treffen.<\/p><h3 data-spm-anchor-id=\"a2ty_o01.29997173.0.i40.30bcc921Sjso5I\"><strong>24-Stunden-Rezeption und pers\u00f6nliche G\u00e4stebetreuung<\/strong><\/h3><p>Ihre Reise beginnt mit Ihrer Ankunft. Unsere <strong>engagierte 24-Stunden-Rezeption<\/strong> verf\u00fcgt \u00fcber ein mehrsprachiges Team, das Ihnen jederzeit zur Verf\u00fcgung steht. Egal, ob Sie mit einem fr\u00fchen Morgenflug ankommen, sp\u00e4t von einem Gesch\u00e4ftsessen zur\u00fcckkehren oder einfach nur lokale Beratung ben\u00f6tigen, unsere Mitarbeiter sind f\u00fcr Sie da. Wir bieten wichtige Dienstleistungen wie <strong>Gep\u00e4ckaufbewahrung<\/strong> F\u00fcr G\u00e4ste, die vor dem Check-in ankommen oder nach dem Check-out abreisen, damit Sie die Stadt frei erkunden k\u00f6nnen. Ben\u00f6tigen Sie eine Wegbeschreibung zum Shanghai Museum oder Hilfe bei der Anfahrt zu einem Didi (Chinas Uber)? Unser kompetentes Team sorgt daf\u00fcr, dass Ihr Aufenthalt so reibungslos wie m\u00f6glich verl\u00e4uft.<\/p><h3><strong>Kostenloses Highspeed-WLAN f\u00fcr den vernetzten Reisenden<\/strong><\/h3><p>In der heutigen Welt ist es unerl\u00e4sslich, in Verbindung zu bleiben. Deshalb <strong>kostenloses Highspeed-WLAN<\/strong> ist im gesamten Hotel verf\u00fcgbar, von der Lobby bis zu jedem G\u00e4stezimmer. Ob Sie gesch\u00e4ftlich unterwegs sind und eine Pr\u00e4sentation fertigstellen, als Student Ihr n\u00e4chstes Reiseziel recherchieren oder einfach nur Fotos mit Ihren Lieben teilen \u2013 mit unserer zuverl\u00e4ssigen Internetverbindung bleiben Sie stets mit dem verbunden, was Ihnen wichtig ist.<\/p><h3><strong>Komfortable und gut ausgestattete G\u00e4stezimmer<\/strong><\/h3><p>Unser Service erstreckt sich bis in Ihr Zimmer, das f\u00fcr Erholung und Entspannung konzipiert ist. Jedes Zimmer ist sorgf\u00e4ltig mit modernen Annehmlichkeiten ausgestattet, um einen komfortablen Aufenthalt zu gew\u00e4hrleisten. Genie\u00dfen Sie den Komfort von <strong>Klimaanlage<\/strong> um der Sommerhitze oder Winterk\u00e4lte zu entfliehen und sich bei einem <strong>Flachbildfernseher<\/strong> bietet eine Auswahl an Kan\u00e4len. Ein ger\u00e4umiges <strong>Schreibtisch und ergonomischer Stuhl<\/strong> bieten den perfekten Ort f\u00fcr die Fernarbeit oder die Planung Ihrer Reiseroute. Um sicherzustellen, dass Ihre Ger\u00e4te immer aufgeladen sind, bieten wir <strong>Multistandard-Steckdosen<\/strong>, mit einer Vielzahl internationaler Stecker. F\u00fcr Ihre Sicherheit verf\u00fcgt jedes Zimmer \u00fcber einen <strong>Safe<\/strong> zur sicheren Aufbewahrung Ihrer Wertgegenst\u00e4nde.<\/p><h3><strong>Sauberkeit und eine ruhige Umgebung<\/strong><\/h3><p>Wir legen gr\u00f6\u00dften Wert auf Ihr Wohlbefinden mit einer strengen <strong>Nichtraucherpolitik<\/strong> Im gesamten Hotel. Dieses Engagement schafft eine saubere, frische und gesunde Umgebung f\u00fcr alle G\u00e4ste, die f\u00fcr besseren Schlaf und eine angenehmere Atmosph\u00e4re sorgt. Unser Housekeeping-Team h\u00e4lt sich an strenge Reinigungsvorschriften und sorgt daf\u00fcr, dass jedes Zimmer makellos und sorgf\u00e4ltig f\u00fcr Ihre Ankunft vorbereitet ist, mit frischer Bettw\u00e4sche und desinfizierten Oberfl\u00e4chen.<\/p><h3><strong>G\u00fcnstige Lage als Kernleistung<\/strong><\/h3><p>Unser vielleicht wertvollster Service ist unsere <strong>unschlagbare Lage<\/strong>. Im Herzen des Huangpu-Bezirks gelegen, verwandelt das Pujing Waiting Hotel die Stadt selbst in eine Erweiterung unserer Annehmlichkeiten. Nur ein <strong>2 Gehminuten vom U-Bahnhof Xinzha Road<\/strong> Mit der Linie 1 haben Sie direkten Zugang zu den ber\u00fchmtesten Zielen Shanghais:<\/p><ul><li><strong>Platz des Volkes und Shanghai-Museum:<\/strong> Eine 5-min\u00fctige Fahrt entfernt.<\/li><li><strong>Fu\u00dfg\u00e4ngerzone Nanjing Road:<\/strong> Nur 2 Haltestellen.<\/li><li><strong>Der Bund:<\/strong> Eine malerische 10-min\u00fctige Fahrt.<\/li><li><strong>Bahnhof Shanghai:<\/strong> F\u00fcr die Weiterreise gut erreichbar.<\/li><\/ul><p>Diese N\u00e4he erspart Ihnen den Stress und die Kosten langer Taxifahrten und bringt Sie direkt ins kulturelle und kommerzielle Herz Shanghais.<\/p><h3><strong>Ein Fokus auf Praktikabilit\u00e4t und Wert<\/strong><\/h3><p>Obwohl das Pujing Waiting Hotel kein Full-Service-Restaurant, Spa oder Fitnesscenter bietet, konzentriert sich unsere Servicephilosophie auf <strong>Praktikabilit\u00e4t und Wert<\/strong>Wir bieten alles, was Sie f\u00fcr einen komfortablen und effizienten Aufenthalt brauchen, und bieten Ihnen ein hervorragendes Preis-Leistungs-Verh\u00e4ltnis. In der Umgebung finden Sie zahlreiche Restaurants, von 24-Stunden-Superm\u00e4rkten bis hin zu lokalen Imbissst\u00e4nden. <em>xiaolongbao<\/em> und Fr\u00fchlingszwiebelpfannkuchen bis hin zu einer gro\u00dfen Auswahl an Restaurants, die alles von Shanghaier K\u00fcche bis hin zu internationalen Gerichten anbieten. Unser Ziel ist es, Ihr zuverl\u00e4ssiger Ausgangspunkt zu sein und Ihnen die Freiheit und Flexibilit\u00e4t zu geben, den authentischen Puls Shanghais zu erleben.<\/p><p data-spm-anchor-id=\"a2ty_o01.29997173.0.i39.30bcc921Sjso5I\">Im Pujing Waiting Hotel geht es bei unseren Dienstleistungen nicht um Extravaganz, sondern um <strong>Effizienz, Komfort und mehr M\u00f6glichkeiten f\u00fcr Ihre Erkundung<\/strong>. Wir bieten einen sauberen, ruhigen und gut angebundenen Ort, an dem Sie sich ausruhen, neue Energie tanken und Ihre Abenteuer in einer der dynamischsten St\u00e4dte der Welt beginnen k\u00f6nnen.<\/p>\t\t\t\t\t\t\t\t<\/div>\n\t\t\t\t\t<\/div>\n\t\t\t\t<\/div>\n\t\t\t\t<section class=\"elementor-section elementor-top-section elementor-element elementor-element-238ba899 elementor-section-stretched elementor-section-boxed elementor-section-gap-beside-yes elementor-section-height-default elementor-section-height-default elementor-section-column-vertical-align-stretch\" data-id=\"238ba899\" data-element_type=\"section\" data-e-type=\"section\" data-settings=\"{&quot;background_background&quot;:&quot;classic&quot;,&quot;stretch_section&quot;:&quot;section-stretched&quot;}\">\n\t\t\t\t\t\t<div class=\"elementor-container elementor-column-gap-extended\">\n\t\t\t\t\t<div class=\"elementor-column elementor-col-100 elementor-top-column elementor-element elementor-element-142b2f85\" data-id=\"142b2f85\" data-element_type=\"column\" data-e-type=\"column\">\n\t\t\t<div class=\"elementor-widget-wrap elementor-element-populated\">\n\t\t\t\t\t\t<div class=\"elementor-element elementor-element-a9a84f5 elementor-widget elementor-widget-heading\" data-id=\"a9a84f5\" data-element_type=\"widget\" data-e-type=\"widget\" data-widget_type=\"heading.default\">\n\t\t\t\t\t<h2 class=\"elementor-heading-title elementor-size-default\">Verf\u00fcgbarkeit pr\u00fcfen <\/h2>\t\t\t\t<\/div>\n\t\t\t\t<div class=\"elementor-element elementor-element-5f9003ed elementor-widget elementor-widget-text-editor\" data-id=\"5f9003ed\" data-element_type=\"widget\" data-e-type=\"widget\" data-widget_type=\"text-editor.default\">\n\t\t\t\t\t\t\t\t\t<iframe border=\"0\" src=\"https:\/\/www.trip.com\/partners\/ad\/S4604854?Allianceid=4590391&#038;SID=242252557&#038;trip_sub1=\" style=\"width:900px;height:200px\" frameborder=\"0\" scrolling=\"no\" id=\"S4604854\"><\/iframe>\t\t\t\t\t\t\t\t<\/div>\n\t\t\t\t\t<\/div>\n\t\t<\/div>\n\t\t\t\t\t<\/div>\n\t\t<\/section>\n\t\t\t\t<\/div>","protected":false},"excerpt":{"rendered":"<p>We do our best to offer all our guests the services and facilities to make their stay a memorable one. At Pujing Waiting Hotel (Shanghai People&#8217;s Square Xinzha Road Subway Station), we understand that a successful stay in a vibrant metropolis like Shanghai hinges on reliability, convenience, and thoughtful attention to detail. Our services are [&hellip;]<\/p>\n","protected":false},"author":1,"featured_media":0,"parent":0,"menu_order":0,"comment_status":"closed","ping_status":"closed","template":"","meta":{"footnotes":""},"class_list":["post-647","page","type-page","status-publish","hentry","post-no-thumbnail"],"_links":{"self":[{"href":"https:\/\/pujingwaitinghotel.com\/de\/wp-json\/wp\/v2\/pages\/647","targetHints":{"allow":["GET"]}}],"collection":[{"href":"https:\/\/pujingwaitinghotel.com\/de\/wp-json\/wp\/v2\/pages"}],"about":[{"href":"https:\/\/pujingwaitinghotel.com\/de\/wp-json\/wp\/v2\/types\/page"}],"author":[{"embeddable":true,"href":"https:\/\/pujingwaitinghotel.com\/de\/wp-json\/wp\/v2\/users\/1"}],"replies":[{"embeddable":true,"href":"https:\/\/pujingwaitinghotel.com\/de\/wp-json\/wp\/v2\/comments?post=647"}],"version-history":[{"count":0,"href":"https:\/\/pujingwaitinghotel.com\/de\/wp-json\/wp\/v2\/pages\/647\/revisions"}],"wp:attachment":[{"href":"https:\/\/pujingwaitinghotel.com\/de\/wp-json\/wp\/v2\/media?parent=647"}],"curies":[{"name":"wp","href":"https:\/\/api.w.org\/{rel}","templated":true}]}}