{"id":612,"date":"2021-03-26T10:04:13","date_gmt":"2021-03-26T10:04:13","guid":{"rendered":"http:\/\/localhost\/nuss\/?page_id=612"},"modified":"2025-07-27T12:06:20","modified_gmt":"2025-07-27T12:06:20","slug":"restaurante","status":"publish","type":"page","link":"https:\/\/pujingwaitinghotel.com\/es\/restaurant\/","title":{"rendered":"Restaurante"},"content":{"rendered":"<div data-elementor-type=\"wp-page\" data-elementor-id=\"612\" class=\"elementor elementor-612\">\n\t\t\t\t\t\t<section class=\"elementor-section elementor-top-section elementor-element elementor-element-e2effe8 elementor-section-boxed elementor-section-gap-beside-yes elementor-section-height-default elementor-section-height-default elementor-section-column-vertical-align-stretch\" data-id=\"e2effe8\" data-element_type=\"section\" data-e-type=\"section\">\n\t\t\t\t\t\t<div class=\"elementor-container elementor-column-gap-extended\">\n\t\t\t\t\t<div class=\"elementor-column elementor-col-100 elementor-top-column elementor-element elementor-element-e18f688\" data-id=\"e18f688\" data-element_type=\"column\" data-e-type=\"column\">\n\t\t\t<div class=\"elementor-widget-wrap elementor-element-populated\">\n\t\t\t\t\t\t<div class=\"elementor-element elementor-element-6db146d elementor-widget__width-initial elementor-invisible elementor-widget elementor-widget-text-editor\" data-id=\"6db146d\" data-element_type=\"widget\" data-e-type=\"widget\" data-settings=\"{&quot;_animation&quot;:&quot;nussFadeInUp&quot;}\" data-widget_type=\"text-editor.default\">\n\t\t\t\t\t\t\t\t\t<p><strong data-spm-anchor-id=\"a2ty_o01.29997173.0.i34.30bcc921Sjso5I\">Un para\u00edso culinario local en el coraz\u00f3n de Shangh\u00e1i<\/strong><\/p>\t\t\t\t\t\t\t\t<\/div>\n\t\t\t\t\t<\/div>\n\t\t<\/div>\n\t\t\t\t\t<\/div>\n\t\t<\/section>\n\t\t<div class=\"elementor-element elementor-element-c1e1375 e-flex e-con-boxed e-con e-parent\" data-id=\"c1e1375\" data-element_type=\"container\" data-e-type=\"container\">\n\t\t\t\t\t<div class=\"e-con-inner\">\n\t\t\t\t<div class=\"elementor-element elementor-element-ed3722f elementor-widget elementor-widget-text-editor\" data-id=\"ed3722f\" data-element_type=\"widget\" data-e-type=\"widget\" data-widget_type=\"text-editor.default\">\n\t\t\t\t\t\t\t\t\t<p data-spm-anchor-id=\"a2ty_o01.29997173.0.i33.30bcc921Sjso5I\">Escondido en el acogedor abrazo de <strong>Hotel Pujing Waiting (estaci\u00f3n de metro de la calle Xinzha de la Plaza del Pueblo de Shangh\u00e1i)<\/strong>, <strong>Caf\u00e9 Zha<\/strong> Ofrece una experiencia gastron\u00f3mica aut\u00e9ntica y refrescante que va m\u00e1s all\u00e1 del t\u00edpico restaurante de hotel. M\u00e1s que un simple lugar para comer, el Caf\u00e9 Zha est\u00e1 dise\u00f1ado como un... <strong>encrucijada culinaria<\/strong> Donde los vibrantes sabores de Shanghai se combinan con la comodidad de la comida reconfortante internacional, creando un ambiente c\u00e1lido y acogedor tanto para los hu\u00e9spedes como para los locales.<\/p><p>Ubicado a solo unos pasos del bullicioso <strong>Estaci\u00f3n de metro de Xinzha Road<\/strong>Nuestra cafeter\u00eda est\u00e1 idealmente ubicada en el <strong>Distrito de Huangpu<\/strong>El coraz\u00f3n cultural y comercial de la ciudad. Tanto si acabas de llegar del metro como si te preparas para un d\u00eda explorando... <strong>Plaza del Pueblo<\/strong> y el <strong>Museo de Shangh\u00e1i<\/strong>O si se relaja despu\u00e9s de un largo d\u00eda de reuniones de negocios, Caf\u00e9 Zha le ofrece la pausa perfecta. Nuestro men\u00fa celebra la rica herencia culinaria de China y satisface los paladares de todo el mundo. Comience el d\u00eda con un nutritivo... <strong>Desayuno shanghain\u00e9s<\/strong>\u2014saborea humeantes tazones de congee, delicados <em>xiao largo bao<\/em> (dumplings de sopa) o sabrosos panqueques de cebolleta, todos elaborados con ingredientes frescos de origen local. Para quienes buscan la comodidad de la familia, tambi\u00e9n ofrecemos una comida bien elaborada. <strong>Desayuno buffet occidental<\/strong> con huevos, tostadas, boller\u00eda y caf\u00e9 premium.<\/p>\t\t\t\t\t\t\t\t<\/div>\n\t\t\t\t\t<\/div>\n\t\t\t\t<\/div>\n\t\t<div class=\"elementor-element elementor-element-b9e9f61 e-flex e-con-boxed e-con e-parent\" data-id=\"b9e9f61\" data-element_type=\"container\" data-e-type=\"container\">\n\t\t\t\t\t<div class=\"e-con-inner\">\n\t\t\t\t<div class=\"elementor-element elementor-element-0594e4b elementor-widget elementor-widget-nuss-image-gallery\" data-id=\"0594e4b\" data-element_type=\"widget\" data-e-type=\"widget\" data-widget_type=\"nuss-image-gallery.default\">\n\t\t\t\t<div class=\"elementor-widget-container\">\n\t\t\t\t\t\t\t<div class=\"nuss-grid-wrapper\" data-grid=\"{&quot;type&quot;:&quot;grid&quot;,&quot;ratio&quot;:null,&quot;columns&quot;:3,&quot;gutter&quot;:30}\">\r\n\t\t\t<div class=\"nuss-grid lazy-grid\">\r\n\t\t\t\t<div class=\"grid-sizer\"><\/div>\r\n\r\n\t\t\t\t\t\t\t\t\t\t\t\t<div class=\"grid-item\">\r\n\t\t\t\t\t\t<div class=\"nuss-box\">\t\t<div class=\"nuss-image image\">\r\n\t\t\t<img decoding=\"async\"  src=\"https:\/\/pujingwaitinghotel.com\/wp-content\/uploads\/2025\/07\/Pujing-Waiting-Hotel-23.webp\" alt=\"Hotel de espera Pujing (23)\" \/>\t\t<\/div>\r\n\t\t\t\t<\/div>\t\t\t\t\t<\/div>\r\n\t\t\t\t\t\t<div class=\"grid-item\">\r\n\t\t\t\t\t\t<div class=\"nuss-box\">\t\t<div class=\"nuss-image image\">\r\n\t\t\t<img decoding=\"async\"  src=\"https:\/\/pujingwaitinghotel.com\/wp-content\/uploads\/2025\/07\/Pujing-Waiting-Hotel-22.webp\" alt=\"Hotel de espera Pujing (22)\" \/>\t\t<\/div>\r\n\t\t\t\t<\/div>\t\t\t\t\t<\/div>\r\n\t\t\t\t\t\t<div class=\"grid-item\">\r\n\t\t\t\t\t\t<div class=\"nuss-box\">\t\t<div class=\"nuss-image image\">\r\n\t\t\t<img decoding=\"async\"  src=\"https:\/\/pujingwaitinghotel.com\/wp-content\/uploads\/2025\/07\/Pujing-Waiting-Hotel-20.webp\" alt=\"Hotel de espera Pujing (20)\" \/>\t\t<\/div>\r\n\t\t\t\t<\/div>\t\t\t\t\t<\/div>\r\n\t\t\t\t\t\t<div class=\"grid-item\">\r\n\t\t\t\t\t\t<div class=\"nuss-box\">\t\t<div class=\"nuss-image image\">\r\n\t\t\t<img decoding=\"async\"  src=\"https:\/\/pujingwaitinghotel.com\/wp-content\/uploads\/2025\/07\/Pujing-Waiting-Hotel-21.webp\" alt=\"Hotel de espera Pujing (21)\" \/>\t\t<\/div>\r\n\t\t\t\t<\/div>\t\t\t\t\t<\/div>\r\n\t\t\t\t\t\t<div class=\"grid-item\">\r\n\t\t\t\t\t\t<div class=\"nuss-box\">\t\t<div class=\"nuss-image image\">\r\n\t\t\t<img decoding=\"async\"  src=\"https:\/\/pujingwaitinghotel.com\/wp-content\/uploads\/2025\/07\/Pujing-Waiting-Hotel-19.webp\" alt=\"Hotel de espera Pujing (19)\" \/>\t\t<\/div>\r\n\t\t\t\t<\/div>\t\t\t\t\t<\/div>\r\n\t\t\t\t\t\t<div class=\"grid-item\">\r\n\t\t\t\t\t\t<div class=\"nuss-box\">\t\t<div class=\"nuss-image image\">\r\n\t\t\t<img decoding=\"async\"  src=\"https:\/\/pujingwaitinghotel.com\/wp-content\/uploads\/2025\/07\/Pujing-Waiting-Hotel-18.webp\" alt=\"Hotel de espera Pujing (18)\" \/>\t\t<\/div>\r\n\t\t\t\t<\/div>\t\t\t\t\t<\/div>\r\n\t\t\t\t\t\t<div class=\"grid-item\">\r\n\t\t\t\t\t\t<div class=\"nuss-box\">\t\t<div class=\"nuss-image image\">\r\n\t\t\t<img decoding=\"async\"  src=\"https:\/\/pujingwaitinghotel.com\/wp-content\/uploads\/2025\/07\/Pujing-Waiting-Hotel-5.webp\" alt=\"Hotel de espera Pujing (5)\" \/>\t\t<\/div>\r\n\t\t\t\t<\/div>\t\t\t\t\t<\/div>\r\n\t\t\t\t\t\t<div class=\"grid-item\">\r\n\t\t\t\t\t\t<div class=\"nuss-box\">\t\t<div class=\"nuss-image image\">\r\n\t\t\t<img decoding=\"async\"  src=\"https:\/\/pujingwaitinghotel.com\/wp-content\/uploads\/2025\/07\/Pujing-Waiting-Hotel-6.webp\" alt=\"Hotel de espera Pujing (6)\" \/>\t\t<\/div>\r\n\t\t\t\t<\/div>\t\t\t\t\t<\/div>\r\n\t\t\t\t\t\t\t\r\n\t\t\t<\/div>\r\n\t\t<\/div>\r\n\t\t\t\t\t\t<\/div>\n\t\t\t\t<\/div>\n\t\t\t\t\t<\/div>\n\t\t\t\t<\/div>\n\t\t<div class=\"elementor-element elementor-element-07bc6c2 e-flex e-con-boxed e-con e-parent\" data-id=\"07bc6c2\" data-element_type=\"container\" data-e-type=\"container\">\n\t\t\t\t\t<div class=\"e-con-inner\">\n\t\t\t\t<div class=\"elementor-element elementor-element-183ae70 elementor-widget elementor-widget-text-editor\" data-id=\"183ae70\" data-element_type=\"widget\" data-e-type=\"widget\" data-widget_type=\"text-editor.default\">\n\t\t\t\t\t\t\t\t\t<p>A medida que transcurre el d\u00eda, Caf\u00e9 Zha se transforma en un lugar relajado para almuerzos ligeros y refrigerios por la tarde. Nuestro men\u00fa incluye una cuidada selecci\u00f3n de <strong>especialidades asi\u00e1ticas<\/strong>Desde arom\u00e1ticos tazones de fideos y sabrosos arroces hasta frescas ensaladas y refrescantes bebidas. Nos enorgullecemos de utilizar ingredientes de alta calidad para ofrecer comidas consistentes y satisfactorias que energizan su aventura en Shangh\u00e1i. El ambiente es moderno y minimalista, reflejando el dise\u00f1o eficiente y de l\u00edneas limpias del propio Pujing Waiting Hotel, pero con una sensaci\u00f3n de calidez y accesibilidad. Los amplios ventanales dejan entrar la luz natural, creando un espacio amplio y luminoso, perfecto para leer, trabajar con el port\u00e1til o disfrutar de una conversaci\u00f3n tranquila.<\/p><p>Si bien Caf\u00e9 Zha no cuenta con un restaurante de servicio completo ni con un men\u00fa de cena elaborado, se destaca por brindar <strong>Comida reflexiva, accesible y deliciosa.<\/strong> Para el viajero moderno. Entendemos que su tiempo en Shangh\u00e1i es valioso. Por eso nos centramos en <strong>eficiencia y calidad<\/strong>, lo que garantiza que puedas disfrutar de una comida satisfactoria sin formalidades ni largas esperas. Es un lugar donde puedes tomar un caf\u00e9 r\u00e1pido y un pastel antes de ir al metro, disfrutar de un almuerzo abundante despu\u00e9s de visitar el Centro de Exposiciones de Urbanismo o simplemente relajarte con una taza de t\u00e9 y observar el ritmo de la ciudad.<\/p><p data-spm-anchor-id=\"a2ty_o01.29997173.0.i32.30bcc921Sjso5I\">Caf\u00e9 Zha es m\u00e1s que un servicio de hotel; es un <strong>joya del barrio<\/strong> Que encarna el esp\u00edritu de su ubicaci\u00f3n: pr\u00e1ctico, conectado y genuinamente acogedor. Es donde lo pr\u00e1ctico se fusiona con lo placentero, ofreciendo una experiencia culinaria sencilla y satisfactoria que complementa su estancia en el Pujing Waiting Hotel. Venga a experimentar la calidez de la hospitalidad de Shangh\u00e1i, un delicioso bocado a la vez.<\/p>\t\t\t\t\t\t\t\t<\/div>\n\t\t\t\t\t<\/div>\n\t\t\t\t<\/div>\n\t\t\t\t<section class=\"elementor-section elementor-top-section elementor-element elementor-element-67c3e578 elementor-section-stretched elementor-section-boxed elementor-section-gap-beside-yes elementor-section-height-default elementor-section-height-default elementor-section-column-vertical-align-stretch\" data-id=\"67c3e578\" data-element_type=\"section\" data-e-type=\"section\" data-settings=\"{&quot;background_background&quot;:&quot;classic&quot;,&quot;stretch_section&quot;:&quot;section-stretched&quot;}\">\n\t\t\t\t\t\t<div class=\"elementor-container elementor-column-gap-extended\">\n\t\t\t\t\t<div class=\"elementor-column elementor-col-100 elementor-top-column elementor-element elementor-element-3e897979\" data-id=\"3e897979\" data-element_type=\"column\" data-e-type=\"column\">\n\t\t\t<div class=\"elementor-widget-wrap elementor-element-populated\">\n\t\t\t\t\t\t<div class=\"elementor-element elementor-element-1b189345 elementor-widget elementor-widget-heading\" data-id=\"1b189345\" data-element_type=\"widget\" data-e-type=\"widget\" data-widget_type=\"heading.default\">\n\t\t\t\t\t<h2 class=\"elementor-heading-title elementor-size-default\">Consultar disponibilidad <\/h2>\t\t\t\t<\/div>\n\t\t\t\t<div class=\"elementor-element elementor-element-7aeaf28e elementor-widget elementor-widget-text-editor\" data-id=\"7aeaf28e\" data-element_type=\"widget\" data-e-type=\"widget\" data-widget_type=\"text-editor.default\">\n\t\t\t\t\t\t\t\t\t<iframe border=\"0\" src=\"https:\/\/www.trip.com\/partners\/ad\/S4604854?Allianceid=4590391&#038;SID=242252557&#038;trip_sub1=\" style=\"width:900px;height:200px\" frameborder=\"0\" scrolling=\"no\" id=\"S4604854\"><\/iframe>\t\t\t\t\t\t\t\t<\/div>\n\t\t\t\t\t<\/div>\n\t\t<\/div>\n\t\t\t\t\t<\/div>\n\t\t<\/section>\n\t\t\t\t<\/div>","protected":false},"excerpt":{"rendered":"<p>A Local Culinary Haven at the Heart of Shanghai Tucked within the welcoming embrace of Pujing Waiting Hotel (Shanghai People&#8217;s Square Xinzha Road Subway Station), Caf\u00e9 Zha offers a refreshingly authentic dining experience that goes beyond the typical hotel restaurant. More than just a place to grab a meal, Caf\u00e9 Zha is designed as a [&hellip;]<\/p>\n","protected":false},"author":1,"featured_media":0,"parent":0,"menu_order":0,"comment_status":"closed","ping_status":"closed","template":"","meta":{"footnotes":""},"class_list":["post-612","page","type-page","status-publish","hentry","post-no-thumbnail"],"_links":{"self":[{"href":"https:\/\/pujingwaitinghotel.com\/es\/wp-json\/wp\/v2\/pages\/612","targetHints":{"allow":["GET"]}}],"collection":[{"href":"https:\/\/pujingwaitinghotel.com\/es\/wp-json\/wp\/v2\/pages"}],"about":[{"href":"https:\/\/pujingwaitinghotel.com\/es\/wp-json\/wp\/v2\/types\/page"}],"author":[{"embeddable":true,"href":"https:\/\/pujingwaitinghotel.com\/es\/wp-json\/wp\/v2\/users\/1"}],"replies":[{"embeddable":true,"href":"https:\/\/pujingwaitinghotel.com\/es\/wp-json\/wp\/v2\/comments?post=612"}],"version-history":[{"count":0,"href":"https:\/\/pujingwaitinghotel.com\/es\/wp-json\/wp\/v2\/pages\/612\/revisions"}],"wp:attachment":[{"href":"https:\/\/pujingwaitinghotel.com\/es\/wp-json\/wp\/v2\/media?parent=612"}],"curies":[{"name":"wp","href":"https:\/\/api.w.org\/{rel}","templated":true}]}}