{"id":647,"date":"2021-03-29T02:13:52","date_gmt":"2021-03-29T02:13:52","guid":{"rendered":"http:\/\/localhost\/nuss\/?page_id=647"},"modified":"2025-07-27T13:31:58","modified_gmt":"2025-07-27T13:31:58","slug":"servicios","status":"publish","type":"page","link":"https:\/\/pujingwaitinghotel.com\/es\/services\/","title":{"rendered":"Servicios"},"content":{"rendered":"<div data-elementor-type=\"wp-page\" data-elementor-id=\"647\" class=\"elementor elementor-647\">\n\t\t\t\t\t\t<section class=\"elementor-section elementor-top-section elementor-element elementor-element-3353bc8 elementor-section-boxed elementor-section-gap-beside-yes elementor-section-height-default elementor-section-height-default elementor-section-column-vertical-align-stretch\" data-id=\"3353bc8\" data-element_type=\"section\" data-e-type=\"section\">\n\t\t\t\t\t\t<div class=\"elementor-container elementor-column-gap-extended\">\n\t\t\t\t\t<div class=\"elementor-column elementor-col-100 elementor-top-column elementor-element elementor-element-0a2bc64\" data-id=\"0a2bc64\" data-element_type=\"column\" data-e-type=\"column\">\n\t\t\t<div class=\"elementor-widget-wrap elementor-element-populated\">\n\t\t\t\t\t\t<div class=\"elementor-element elementor-element-447e3ef elementor-widget__width-initial elementor-invisible elementor-widget elementor-widget-text-editor\" data-id=\"447e3ef\" data-element_type=\"widget\" data-e-type=\"widget\" data-settings=\"{&quot;_animation&quot;:&quot;nussFadeInUp&quot;}\" data-widget_type=\"text-editor.default\">\n\t\t\t\t\t\t\t\t\t<p>Hacemos todo lo posible para ofrecer a todos nuestros hu\u00e9spedes los servicios e instalaciones para que su estancia sea memorable.<\/p>\t\t\t\t\t\t\t\t<\/div>\n\t\t\t\t\t<\/div>\n\t\t<\/div>\n\t\t\t\t\t<\/div>\n\t\t<\/section>\n\t\t<div class=\"elementor-element elementor-element-f820377 e-flex e-con-boxed e-con e-parent\" data-id=\"f820377\" data-element_type=\"container\" data-e-type=\"container\">\n\t\t\t\t\t<div class=\"e-con-inner\">\n\t\t\t\t<div class=\"elementor-element elementor-element-29c4ffc elementor-widget elementor-widget-text-editor\" data-id=\"29c4ffc\" data-element_type=\"widget\" data-e-type=\"widget\" data-widget_type=\"text-editor.default\">\n\t\t\t\t\t\t\t\t\t<p>En <strong>Hotel Pujing Waiting (estaci\u00f3n de metro de la calle Xinzha de la Plaza del Pueblo de Shangh\u00e1i)<\/strong>Entendemos que una estad\u00eda exitosa en una metr\u00f3polis vibrante como Shangh\u00e1i depende de <strong>Confiabilidad, conveniencia y atenci\u00f3n al detalle<\/strong>Nuestros servicios est\u00e1n meticulosamente dise\u00f1ados para brindar una experiencia fluida y sin estr\u00e9s, asegur\u00e1ndose de que pueda concentrarse en explorar la energ\u00eda inagotable de la ciudad, desde las hist\u00f3ricas calles cerca de la Plaza del Pueblo hasta el deslumbrante horizonte del Bund. Ubicado a solo unos pasos de <strong>Estaci\u00f3n de metro de Xinzha Road (l\u00ednea 1)<\/strong>Nuestro hotel es un refugio pr\u00e1ctico y confortable donde las comodidades modernas se combinan con una hospitalidad eficiente y centrada en el hu\u00e9sped.<\/p><h3 data-spm-anchor-id=\"a2ty_o01.29997173.0.i40.30bcc921Sjso5I\"><strong>Recepci\u00f3n 24 horas y atenci\u00f3n personalizada a los hu\u00e9spedes<\/strong><\/h3><p>Tu viaje comienza en el momento en que llegas. Nuestro <strong>Recepci\u00f3n dedicada las 24 horas<\/strong> Contamos con un equipo multiling\u00fce listo para atenderle a cualquier hora. Ya sea que llegue en un vuelo temprano por la ma\u00f1ana, regrese tarde de una cena de negocios o simplemente necesite asesoramiento local, nuestro personal est\u00e1 aqu\u00ed para ayudarle. Ofrecemos servicios esenciales como <strong>almacenamiento de equipaje<\/strong> Para hu\u00e9spedes que llegan antes del check-in o se van despu\u00e9s del check-out, lo que les permite explorar la ciudad con total libertad. \u00bfNecesita indicaciones para llegar al Museo de Shangh\u00e1i o ayuda para pedir un Didi (el Uber de China)? Nuestro equipo est\u00e1 bien informado y dispuesto a garantizar que su estancia sea lo m\u00e1s c\u00f3moda posible.<\/p><h3><strong>Wi-Fi de alta velocidad gratuito para el viajero conectado<\/strong><\/h3><p>En el mundo actual, mantenerse conectado es innegociable. Por eso <strong>Wi-Fi de alta velocidad gratuito<\/strong> Est\u00e1 disponible en todo el hotel, desde el vest\u00edbulo hasta cada habitaci\u00f3n. Ya sea que viaje por negocios y est\u00e9 terminando una presentaci\u00f3n, sea un estudiante que busca su pr\u00f3ximo destino o simplemente comparta fotos con sus seres queridos, nuestra confiable conexi\u00f3n a internet le permite estar conectado a lo que realmente importa.<\/p><h3><strong>Habitaciones c\u00f3modas y bien equipadas<\/strong><\/h3><p>Nuestro servicio se extiende al santuario de su habitaci\u00f3n, dise\u00f1ada para el descanso y el rejuvenecimiento. Cada habitaci\u00f3n est\u00e1 cuidadosamente equipada con elementos esenciales modernos para garantizar una estancia confortable. Disfrute de la comodidad de <strong>aire acondicionado<\/strong> para escapar del calor del verano o del fr\u00edo del invierno y relajarse con un <strong>televisor de pantalla plana<\/strong> que ofrece una selecci\u00f3n de canales. Un espacioso <strong>escritorio de trabajo y silla ergon\u00f3mica<\/strong> Ofrecemos el lugar perfecto para teletrabajar o planificar tu itinerario. Para garantizar que tus dispositivos est\u00e9n siempre cargados, te ofrecemos <strong>tomas de corriente multiest\u00e1ndar<\/strong>, con una variedad de enchufes internacionales. Para su tranquilidad, cada habitaci\u00f3n cuenta con un... <strong>caja de seguridad<\/strong> Para guardar de forma segura sus objetos de valor.<\/p><h3><strong>Limpieza y un ambiente tranquilo<\/strong><\/h3><p>Priorizamos tu bienestar con un estricto <strong>pol\u00edtica de no fumar<\/strong> En todo el hotel. Este compromiso crea un ambiente limpio, fresco y saludable para todos los hu\u00e9spedes, promoviendo un mejor descanso y un ambiente m\u00e1s agradable. Nuestro equipo de limpieza se adhiere a rigurosos protocolos de limpieza, garantizando que cada habitaci\u00f3n est\u00e9 impecable y meticulosamente preparada para su llegada, con s\u00e1banas limpias y superficies desinfectadas.<\/p><h3><strong>Ubicaci\u00f3n conveniente como servicio principal<\/strong><\/h3><p>Quiz\u00e1s nuestro servicio m\u00e1s valioso es nuestro <strong>ubicaci\u00f3n inmejorable<\/strong>Ubicado en el coraz\u00f3n del distrito de Huangpu, el Pujing Waiting Hotel transforma la ciudad en una extensi\u00f3n de nuestros servicios. Siendo solo un... <strong>A 2 minutos a pie de la estaci\u00f3n de metro Xinzha Road<\/strong> En la L\u00ednea 1 tendr\u00e1s acceso directo a los destinos m\u00e1s emblem\u00e1ticos de Shangh\u00e1i:<\/p><ul><li><strong>Plaza del Pueblo y Museo de Shangh\u00e1i:<\/strong> A 5 minutos en coche.<\/li><li><strong>Calle peatonal Nanjing Road:<\/strong> S\u00f3lo 2 paradas.<\/li><li><strong>El Bund:<\/strong> Un recorrido panor\u00e1mico de 10 minutos.<\/li><li><strong>Estaci\u00f3n de tren de Shangh\u00e1i:<\/strong> De f\u00e1cil acceso para continuar el viaje.<\/li><\/ul><p>Esta proximidad elimina el estr\u00e9s y el coste de los largos viajes en taxi, poniendo el coraz\u00f3n cultural y comercial de Shanghai a su puerta.<\/p><h3><strong>Un enfoque en la practicidad y el valor<\/strong><\/h3><p>Si bien Pujing Waiting Hotel no ofrece un restaurante de servicio completo, spa o gimnasio, nuestra filosof\u00eda de servicio se centra en <strong>practicidad y valor<\/strong>Ofrecemos lo esencial para una estancia c\u00f3moda y eficiente, lo que nos permite ofrecer una excelente relaci\u00f3n calidad-precio. Para comer, la zona est\u00e1 repleta de opciones, desde tiendas de conveniencia abiertas las 24 horas hasta puestos de comida callejera local. <em>xiaolongbao<\/em> Desde panqueques de cebolleta hasta una amplia gama de restaurantes que ofrecen desde cocina shanghainesa hasta platos internacionales. Nuestro objetivo es ser su punto de partida confiable, brind\u00e1ndole la libertad y flexibilidad para experimentar la aut\u00e9ntica esencia de Shangh\u00e1i.<\/p><p data-spm-anchor-id=\"a2ty_o01.29997173.0.i39.30bcc921Sjso5I\">En Pujing Waiting Hotel, nuestros servicios no se basan en extravagancias, sino en... <strong>Eficiencia, comodidad y potenciaci\u00f3n de su exploraci\u00f3n<\/strong>Ofrecemos un espacio limpio, tranquilo y bien conectado donde podr\u00e1s descansar, recargar energ\u00edas y emprender tus aventuras en una de las ciudades m\u00e1s din\u00e1micas del mundo.<\/p>\t\t\t\t\t\t\t\t<\/div>\n\t\t\t\t\t<\/div>\n\t\t\t\t<\/div>\n\t\t\t\t<section class=\"elementor-section elementor-top-section elementor-element elementor-element-238ba899 elementor-section-stretched elementor-section-boxed elementor-section-gap-beside-yes elementor-section-height-default elementor-section-height-default elementor-section-column-vertical-align-stretch\" data-id=\"238ba899\" data-element_type=\"section\" data-e-type=\"section\" data-settings=\"{&quot;background_background&quot;:&quot;classic&quot;,&quot;stretch_section&quot;:&quot;section-stretched&quot;}\">\n\t\t\t\t\t\t<div class=\"elementor-container elementor-column-gap-extended\">\n\t\t\t\t\t<div class=\"elementor-column elementor-col-100 elementor-top-column elementor-element elementor-element-142b2f85\" data-id=\"142b2f85\" data-element_type=\"column\" data-e-type=\"column\">\n\t\t\t<div class=\"elementor-widget-wrap elementor-element-populated\">\n\t\t\t\t\t\t<div class=\"elementor-element elementor-element-a9a84f5 elementor-widget elementor-widget-heading\" data-id=\"a9a84f5\" data-element_type=\"widget\" data-e-type=\"widget\" data-widget_type=\"heading.default\">\n\t\t\t\t\t<h2 class=\"elementor-heading-title elementor-size-default\">Consultar disponibilidad <\/h2>\t\t\t\t<\/div>\n\t\t\t\t<div class=\"elementor-element elementor-element-5f9003ed elementor-widget elementor-widget-text-editor\" data-id=\"5f9003ed\" data-element_type=\"widget\" data-e-type=\"widget\" data-widget_type=\"text-editor.default\">\n\t\t\t\t\t\t\t\t\t<iframe border=\"0\" src=\"https:\/\/www.trip.com\/partners\/ad\/S4604854?Allianceid=4590391&#038;SID=242252557&#038;trip_sub1=\" style=\"width:900px;height:200px\" frameborder=\"0\" scrolling=\"no\" id=\"S4604854\"><\/iframe>\t\t\t\t\t\t\t\t<\/div>\n\t\t\t\t\t<\/div>\n\t\t<\/div>\n\t\t\t\t\t<\/div>\n\t\t<\/section>\n\t\t\t\t<\/div>","protected":false},"excerpt":{"rendered":"<p>We do our best to offer all our guests the services and facilities to make their stay a memorable one. At Pujing Waiting Hotel (Shanghai People&#8217;s Square Xinzha Road Subway Station), we understand that a successful stay in a vibrant metropolis like Shanghai hinges on reliability, convenience, and thoughtful attention to detail. Our services are [&hellip;]<\/p>\n","protected":false},"author":1,"featured_media":0,"parent":0,"menu_order":0,"comment_status":"closed","ping_status":"closed","template":"","meta":{"footnotes":""},"class_list":["post-647","page","type-page","status-publish","hentry","post-no-thumbnail"],"_links":{"self":[{"href":"https:\/\/pujingwaitinghotel.com\/es\/wp-json\/wp\/v2\/pages\/647","targetHints":{"allow":["GET"]}}],"collection":[{"href":"https:\/\/pujingwaitinghotel.com\/es\/wp-json\/wp\/v2\/pages"}],"about":[{"href":"https:\/\/pujingwaitinghotel.com\/es\/wp-json\/wp\/v2\/types\/page"}],"author":[{"embeddable":true,"href":"https:\/\/pujingwaitinghotel.com\/es\/wp-json\/wp\/v2\/users\/1"}],"replies":[{"embeddable":true,"href":"https:\/\/pujingwaitinghotel.com\/es\/wp-json\/wp\/v2\/comments?post=647"}],"version-history":[{"count":0,"href":"https:\/\/pujingwaitinghotel.com\/es\/wp-json\/wp\/v2\/pages\/647\/revisions"}],"wp:attachment":[{"href":"https:\/\/pujingwaitinghotel.com\/es\/wp-json\/wp\/v2\/media?parent=647"}],"curies":[{"name":"wp","href":"https:\/\/api.w.org\/{rel}","templated":true}]}}