{"id":2109,"date":"2021-03-26T08:35:58","date_gmt":"2021-03-26T08:35:58","guid":{"rendered":"http:\/\/localhost\/nuss\/?page_id=536"},"modified":"2025-07-27T11:48:08","modified_gmt":"2025-07-27T11:48:08","slug":"installations-commerciales","status":"publish","type":"page","link":"https:\/\/pujingwaitinghotel.com\/fr\/business-facilities\/","title":{"rendered":"Installations commerciales"},"content":{"rendered":"<div data-elementor-type=\"wp-page\" data-elementor-id=\"2109\" class=\"elementor elementor-2109\">\n\t\t\t\t<div class=\"elementor-element elementor-element-f861761 e-flex e-con-boxed e-con e-parent\" data-id=\"f861761\" data-element_type=\"container\" data-e-type=\"container\">\n\t\t\t\t\t<div class=\"e-con-inner\">\n\t\t\t\t<div class=\"elementor-element elementor-element-fd3bcd4 elementor-widget elementor-widget-text-editor\" data-id=\"fd3bcd4\" data-element_type=\"widget\" data-e-type=\"widget\" data-widget_type=\"text-editor.default\">\n\t\t\t\t\t\t\t\t\t<div class=\"svelte-1c06zsf\"><p data-spm-anchor-id=\"a2ty_o01.29997173.0.i20.30bcc921Sjso5I\">Pour le voyageur d&#039;affaires moderne, <strong>H\u00f4tel d&#039;attente Pujing<\/strong> Il propose des installations essentielles et performantes au c\u0153ur du quartier anim\u00e9 de Huangpu \u00e0 Shanghai. Situ\u00e9 \u00e0 quelques pas de la station de m\u00e9tro Xinzha Road, notre h\u00f4tel offre un environnement calme et professionnel. <strong>Wi-Fi haut d\u00e9bit gratuit, bureaux spacieux dans chaque chambre et r\u00e9ception ouverte 24h\/24<\/strong> Pour toute demande d&#039;impression ou de renseignements commerciaux locaux, veuillez nous contacter. Bien que nous ne disposions pas de salle de r\u00e9union d\u00e9di\u00e9e, notre emplacement central pr\u00e8s de la Place du Peuple vous permet d&#039;acc\u00e9der facilement aux espaces de coworking, aux centres d&#039;affaires et aux p\u00f4les d&#039;affaires de la ville. Restez productif, connect\u00e9 et concentr\u00e9, \u00e0 quelques minutes de votre prochaine r\u00e9union.<\/p><\/div>\t\t\t\t\t\t\t\t<\/div>\n\t\t\t\t\t<\/div>\n\t\t\t\t<\/div>\n\t\t<div class=\"elementor-element elementor-element-414f290 e-flex e-con-boxed e-con e-parent\" data-id=\"414f290\" data-element_type=\"container\" data-e-type=\"container\">\n\t\t\t\t\t<div class=\"e-con-inner\">\n\t\t\t\t<div class=\"elementor-element elementor-element-69bb50d elementor-widget elementor-widget-image\" data-id=\"69bb50d\" data-element_type=\"widget\" data-e-type=\"widget\" data-widget_type=\"image.default\">\n\t\t\t\t\t\t\t\t\t\t\t\t\t\t\t<img fetchpriority=\"high\" decoding=\"async\" width=\"1024\" height=\"682\" src=\"https:\/\/pujingwaitinghotel.com\/wp-content\/uploads\/2025\/07\/Pujing-Waiting-Hotel-14-1024x682.webp\" class=\"attachment-large size-large wp-image-5556\" alt=\"\" srcset=\"https:\/\/pujingwaitinghotel.com\/wp-content\/uploads\/2025\/07\/Pujing-Waiting-Hotel-14-1024x682.webp 1024w, https:\/\/pujingwaitinghotel.com\/wp-content\/uploads\/2025\/07\/Pujing-Waiting-Hotel-14-300x200.webp 300w, https:\/\/pujingwaitinghotel.com\/wp-content\/uploads\/2025\/07\/Pujing-Waiting-Hotel-14-768x512.webp 768w, https:\/\/pujingwaitinghotel.com\/wp-content\/uploads\/2025\/07\/Pujing-Waiting-Hotel-14.webp 1280w\" sizes=\"(max-width: 1024px) 100vw, 1024px\" \/>\t\t\t\t\t\t\t\t\t\t\t\t\t\t\t<\/div>\n\t\t\t\t\t<\/div>\n\t\t\t\t<\/div>\n\t\t\t\t<section class=\"elementor-section elementor-top-section elementor-element elementor-element-4a3619c2 elementor-section-stretched elementor-section-boxed elementor-section-gap-beside-yes elementor-section-height-default elementor-section-height-default elementor-section-column-vertical-align-stretch\" data-id=\"4a3619c2\" data-element_type=\"section\" data-e-type=\"section\" data-settings=\"{&quot;background_background&quot;:&quot;classic&quot;,&quot;stretch_section&quot;:&quot;section-stretched&quot;}\">\n\t\t\t\t\t\t<div class=\"elementor-container elementor-column-gap-extended\">\n\t\t\t\t\t<div class=\"elementor-column elementor-col-100 elementor-top-column elementor-element elementor-element-612f468e\" data-id=\"612f468e\" data-element_type=\"column\" data-e-type=\"column\">\n\t\t\t<div class=\"elementor-widget-wrap elementor-element-populated\">\n\t\t\t\t\t\t<div class=\"elementor-element elementor-element-2a962ff4 elementor-widget elementor-widget-heading\" data-id=\"2a962ff4\" data-element_type=\"widget\" data-e-type=\"widget\" data-widget_type=\"heading.default\">\n\t\t\t\t\t<h2 class=\"elementor-heading-title elementor-size-default\">Ch\u00e8que disponible <\/h2>\t\t\t\t<\/div>\n\t\t\t\t<div class=\"elementor-element elementor-element-71f026aa elementor-widget elementor-widget-text-editor\" data-id=\"71f026aa\" data-element_type=\"widget\" data-e-type=\"widget\" data-widget_type=\"text-editor.default\">\n\t\t\t\t\t\t\t\t\t<iframe border=\"0\" src=\"https:\/\/www.trip.com\/partners\/ad\/S4604854?Allianceid=4590391&#038;SID=242252557&#038;trip_sub1=\" style=\"width:900px;height:200px\" frameborder=\"0\" scrolling=\"no\" id=\"S4604854\"><\/iframe>\t\t\t\t\t\t\t\t<\/div>\n\t\t\t\t\t<\/div>\n\t\t<\/div>\n\t\t\t\t\t<\/div>\n\t\t<\/section>\n\t\t\t\t<\/div>","protected":false},"excerpt":{"rendered":"<p>For the modern business traveler, Pujing Waiting Hotel offers essential, efficient facilities in the heart of Shanghai\u2019s bustling Huangpu District. Located steps from Xinzha Road Subway Station, our hotel provides a quiet and professional environment with free high-speed Wi-Fi, spacious work desks in every room, and 24-hour front desk support to assist with printing or [&hellip;]<\/p>\n","protected":false},"author":1,"featured_media":0,"parent":0,"menu_order":0,"comment_status":"closed","ping_status":"closed","template":"","meta":{"footnotes":""},"class_list":["post-2109","page","type-page","status-publish","hentry","post-no-thumbnail"],"_links":{"self":[{"href":"https:\/\/pujingwaitinghotel.com\/fr\/wp-json\/wp\/v2\/pages\/2109","targetHints":{"allow":["GET"]}}],"collection":[{"href":"https:\/\/pujingwaitinghotel.com\/fr\/wp-json\/wp\/v2\/pages"}],"about":[{"href":"https:\/\/pujingwaitinghotel.com\/fr\/wp-json\/wp\/v2\/types\/page"}],"author":[{"embeddable":true,"href":"https:\/\/pujingwaitinghotel.com\/fr\/wp-json\/wp\/v2\/users\/1"}],"replies":[{"embeddable":true,"href":"https:\/\/pujingwaitinghotel.com\/fr\/wp-json\/wp\/v2\/comments?post=2109"}],"version-history":[{"count":0,"href":"https:\/\/pujingwaitinghotel.com\/fr\/wp-json\/wp\/v2\/pages\/2109\/revisions"}],"wp:attachment":[{"href":"https:\/\/pujingwaitinghotel.com\/fr\/wp-json\/wp\/v2\/media?parent=2109"}],"curies":[{"name":"wp","href":"https:\/\/api.w.org\/{rel}","templated":true}]}}