{"id":612,"date":"2021-03-26T10:04:13","date_gmt":"2021-03-26T10:04:13","guid":{"rendered":"http:\/\/localhost\/nuss\/?page_id=612"},"modified":"2025-07-27T12:06:20","modified_gmt":"2025-07-27T12:06:20","slug":"restaurant","status":"publish","type":"page","link":"https:\/\/pujingwaitinghotel.com\/fr\/restaurant\/","title":{"rendered":"Restaurant"},"content":{"rendered":"<div data-elementor-type=\"wp-page\" data-elementor-id=\"612\" class=\"elementor elementor-612\">\n\t\t\t\t\t\t<section class=\"elementor-section elementor-top-section elementor-element elementor-element-e2effe8 elementor-section-boxed elementor-section-gap-beside-yes elementor-section-height-default elementor-section-height-default elementor-section-column-vertical-align-stretch\" data-id=\"e2effe8\" data-element_type=\"section\" data-e-type=\"section\">\n\t\t\t\t\t\t<div class=\"elementor-container elementor-column-gap-extended\">\n\t\t\t\t\t<div class=\"elementor-column elementor-col-100 elementor-top-column elementor-element elementor-element-e18f688\" data-id=\"e18f688\" data-element_type=\"column\" data-e-type=\"column\">\n\t\t\t<div class=\"elementor-widget-wrap elementor-element-populated\">\n\t\t\t\t\t\t<div class=\"elementor-element elementor-element-6db146d elementor-widget__width-initial elementor-invisible elementor-widget elementor-widget-text-editor\" data-id=\"6db146d\" data-element_type=\"widget\" data-e-type=\"widget\" data-settings=\"{&quot;_animation&quot;:&quot;nussFadeInUp&quot;}\" data-widget_type=\"text-editor.default\">\n\t\t\t\t\t\t\t\t\t<p><strong data-spm-anchor-id=\"a2ty_o01.29997173.0.i34.30bcc921Sjso5I\">Un havre culinaire local au c\u0153ur de Shanghai<\/strong><\/p>\t\t\t\t\t\t\t\t<\/div>\n\t\t\t\t\t<\/div>\n\t\t<\/div>\n\t\t\t\t\t<\/div>\n\t\t<\/section>\n\t\t<div class=\"elementor-element elementor-element-c1e1375 e-flex e-con-boxed e-con e-parent\" data-id=\"c1e1375\" data-element_type=\"container\" data-e-type=\"container\">\n\t\t\t\t\t<div class=\"e-con-inner\">\n\t\t\t\t<div class=\"elementor-element elementor-element-ed3722f elementor-widget elementor-widget-text-editor\" data-id=\"ed3722f\" data-element_type=\"widget\" data-e-type=\"widget\" data-widget_type=\"text-editor.default\">\n\t\t\t\t\t\t\t\t\t<p data-spm-anchor-id=\"a2ty_o01.29997173.0.i33.30bcc921Sjso5I\">Nich\u00e9 dans l&#039;\u00e9treinte accueillante de <strong>H\u00f4tel Pujing Waiting (Station de m\u00e9tro Xinzha Road, Place du Peuple de Shanghai)<\/strong>, <strong>Caf\u00e9 Zha<\/strong> Offre une exp\u00e9rience culinaire authentique et rafra\u00eechissante, au-del\u00e0 du restaurant d&#039;h\u00f4tel classique. Plus qu&#039;un simple lieu o\u00f9 l&#039;on peut se restaurer, le Caf\u00e9 Zha est con\u00e7u comme un <strong>carrefour culinaire<\/strong> o\u00f9 les saveurs vibrantes de Shanghai rencontrent la commodit\u00e9 de la cuisine r\u00e9confortante internationale, cr\u00e9ant une atmosph\u00e8re chaleureuse et accueillante pour les clients et les habitants.<\/p><p>Situ\u00e9 \u00e0 quelques pas de l&#039;animation <strong>Station de m\u00e9tro Xinzha Road<\/strong>, notre caf\u00e9 est id\u00e9alement situ\u00e9 dans le <strong>District de Huangpu<\/strong>, le c\u0153ur culturel et commercial de la ville. Que vous arriviez du m\u00e9tro ou que vous vous pr\u00e9pariez \u00e0 une journ\u00e9e de d\u00e9couverte <strong>Place du Peuple<\/strong> et le <strong>Mus\u00e9e de Shanghai<\/strong>Que vous souhaitiez vous d\u00e9tendre apr\u00e8s une longue journ\u00e9e de r\u00e9unions professionnelles, le Caf\u00e9 Zha est l&#039;endroit id\u00e9al pour une pause. Notre carte c\u00e9l\u00e8bre le riche patrimoine culinaire chinois tout en s&#039;adressant aux palais du monde entier. Commencez votre matin\u00e9e par un repas nourrissant. <strong>Petit-d\u00e9jeuner shangha\u00efen<\/strong>\u2014savourez des bols fumants de congee, d\u00e9licats <em>Xiao long bao<\/em> (raviolis \u00e0 la soupe) ou des cr\u00eapes sal\u00e9es \u00e0 l&#039;oignon vert, toutes pr\u00e9par\u00e9es avec des ingr\u00e9dients frais et locaux. Pour ceux qui recherchent un r\u00e9confort familier, nous proposons \u00e9galement une cuisine soign\u00e9e. <strong>Petit-d\u00e9jeuner buffet occidental<\/strong> avec des \u0153ufs, du pain grill\u00e9, des viennoiseries et du caf\u00e9 de qualit\u00e9 sup\u00e9rieure.<\/p>\t\t\t\t\t\t\t\t<\/div>\n\t\t\t\t\t<\/div>\n\t\t\t\t<\/div>\n\t\t<div class=\"elementor-element elementor-element-b9e9f61 e-flex e-con-boxed e-con e-parent\" data-id=\"b9e9f61\" data-element_type=\"container\" data-e-type=\"container\">\n\t\t\t\t\t<div class=\"e-con-inner\">\n\t\t\t\t<div class=\"elementor-element elementor-element-0594e4b elementor-widget elementor-widget-nuss-image-gallery\" data-id=\"0594e4b\" data-element_type=\"widget\" data-e-type=\"widget\" data-widget_type=\"nuss-image-gallery.default\">\n\t\t\t\t<div class=\"elementor-widget-container\">\n\t\t\t\t\t\t\t<div class=\"nuss-grid-wrapper\" data-grid=\"{&quot;type&quot;:&quot;grid&quot;,&quot;ratio&quot;:null,&quot;columns&quot;:3,&quot;gutter&quot;:30}\">\r\n\t\t\t<div class=\"nuss-grid lazy-grid\">\r\n\t\t\t\t<div class=\"grid-sizer\"><\/div>\r\n\r\n\t\t\t\t\t\t\t\t\t\t\t\t<div class=\"grid-item\">\r\n\t\t\t\t\t\t<div class=\"nuss-box\">\t\t<div class=\"nuss-image image\">\r\n\t\t\t<img decoding=\"async\"  src=\"https:\/\/pujingwaitinghotel.com\/wp-content\/uploads\/2025\/07\/Pujing-Waiting-Hotel-23.webp\" alt=\"H\u00f4tel d&#039;attente Pujing (23)\" \/>\t\t<\/div>\r\n\t\t\t\t<\/div>\t\t\t\t\t<\/div>\r\n\t\t\t\t\t\t<div class=\"grid-item\">\r\n\t\t\t\t\t\t<div class=\"nuss-box\">\t\t<div class=\"nuss-image image\">\r\n\t\t\t<img decoding=\"async\"  src=\"https:\/\/pujingwaitinghotel.com\/wp-content\/uploads\/2025\/07\/Pujing-Waiting-Hotel-22.webp\" alt=\"H\u00f4tel d&#039;attente Pujing (22)\" \/>\t\t<\/div>\r\n\t\t\t\t<\/div>\t\t\t\t\t<\/div>\r\n\t\t\t\t\t\t<div class=\"grid-item\">\r\n\t\t\t\t\t\t<div class=\"nuss-box\">\t\t<div class=\"nuss-image image\">\r\n\t\t\t<img decoding=\"async\"  src=\"https:\/\/pujingwaitinghotel.com\/wp-content\/uploads\/2025\/07\/Pujing-Waiting-Hotel-20.webp\" alt=\"H\u00f4tel d&#039;attente Pujing (20)\" \/>\t\t<\/div>\r\n\t\t\t\t<\/div>\t\t\t\t\t<\/div>\r\n\t\t\t\t\t\t<div class=\"grid-item\">\r\n\t\t\t\t\t\t<div class=\"nuss-box\">\t\t<div class=\"nuss-image image\">\r\n\t\t\t<img decoding=\"async\"  src=\"https:\/\/pujingwaitinghotel.com\/wp-content\/uploads\/2025\/07\/Pujing-Waiting-Hotel-21.webp\" alt=\"H\u00f4tel d&#039;attente Pujing (21)\" \/>\t\t<\/div>\r\n\t\t\t\t<\/div>\t\t\t\t\t<\/div>\r\n\t\t\t\t\t\t<div class=\"grid-item\">\r\n\t\t\t\t\t\t<div class=\"nuss-box\">\t\t<div class=\"nuss-image image\">\r\n\t\t\t<img decoding=\"async\"  src=\"https:\/\/pujingwaitinghotel.com\/wp-content\/uploads\/2025\/07\/Pujing-Waiting-Hotel-19.webp\" alt=\"H\u00f4tel d&#039;attente Pujing (19)\" \/>\t\t<\/div>\r\n\t\t\t\t<\/div>\t\t\t\t\t<\/div>\r\n\t\t\t\t\t\t<div class=\"grid-item\">\r\n\t\t\t\t\t\t<div class=\"nuss-box\">\t\t<div class=\"nuss-image image\">\r\n\t\t\t<img decoding=\"async\"  src=\"https:\/\/pujingwaitinghotel.com\/wp-content\/uploads\/2025\/07\/Pujing-Waiting-Hotel-18.webp\" alt=\"H\u00f4tel d&#039;attente Pujing (18)\" \/>\t\t<\/div>\r\n\t\t\t\t<\/div>\t\t\t\t\t<\/div>\r\n\t\t\t\t\t\t<div class=\"grid-item\">\r\n\t\t\t\t\t\t<div class=\"nuss-box\">\t\t<div class=\"nuss-image image\">\r\n\t\t\t<img decoding=\"async\"  src=\"https:\/\/pujingwaitinghotel.com\/wp-content\/uploads\/2025\/07\/Pujing-Waiting-Hotel-5.webp\" alt=\"H\u00f4tel d&#039;attente Pujing (5)\" \/>\t\t<\/div>\r\n\t\t\t\t<\/div>\t\t\t\t\t<\/div>\r\n\t\t\t\t\t\t<div class=\"grid-item\">\r\n\t\t\t\t\t\t<div class=\"nuss-box\">\t\t<div class=\"nuss-image image\">\r\n\t\t\t<img decoding=\"async\"  src=\"https:\/\/pujingwaitinghotel.com\/wp-content\/uploads\/2025\/07\/Pujing-Waiting-Hotel-6.webp\" alt=\"H\u00f4tel d&#039;attente Pujing (6)\" \/>\t\t<\/div>\r\n\t\t\t\t<\/div>\t\t\t\t\t<\/div>\r\n\t\t\t\t\t\t\t\r\n\t\t\t<\/div>\r\n\t\t<\/div>\r\n\t\t\t\t\t\t<\/div>\n\t\t\t\t<\/div>\n\t\t\t\t\t<\/div>\n\t\t\t\t<\/div>\n\t\t<div class=\"elementor-element elementor-element-07bc6c2 e-flex e-con-boxed e-con e-parent\" data-id=\"07bc6c2\" data-element_type=\"container\" data-e-type=\"container\">\n\t\t\t\t\t<div class=\"e-con-inner\">\n\t\t\t\t<div class=\"elementor-element elementor-element-183ae70 elementor-widget elementor-widget-text-editor\" data-id=\"183ae70\" data-element_type=\"widget\" data-e-type=\"widget\" data-widget_type=\"text-editor.default\">\n\t\t\t\t\t\t\t\t\t<p>Au fil de la journ\u00e9e, le Caf\u00e9 Zha se transforme en un lieu d\u00e9contract\u00e9 pour des d\u00e9jeuners l\u00e9gers et des rafra\u00eechissements l&#039;apr\u00e8s-midi. Notre carte propose une s\u00e9lection soign\u00e9e de <strong>Sp\u00e9cialit\u00e9s asiatiques<\/strong>, des bols de nouilles parfum\u00e9s et des plats de riz savoureux aux salades croquantes et boissons rafra\u00eechissantes. Nous sommes fiers d&#039;utiliser des ingr\u00e9dients de haute qualit\u00e9 pour vous proposer des repas consistants et satisfaisants qui dynamiseront votre aventure \u00e0 Shanghai. L&#039;ambiance moderne et minimaliste refl\u00e8te le design \u00e9pur\u00e9 et efficace du Pujing Waiting Hotel, tout en \u00e9tant chaleureuse et accessible. De grandes fen\u00eatres laissent entrer la lumi\u00e8re naturelle, cr\u00e9ant un espace lumineux et a\u00e9r\u00e9, id\u00e9al pour lire, travailler sur un ordinateur portable ou discuter tranquillement.<\/p><p>Bien que le Caf\u00e9 Zha ne dispose pas d&#039;un restaurant \u00e0 service complet ni d&#039;un menu de d\u00eener \u00e9labor\u00e9, il excelle dans la fourniture <strong>une cuisine r\u00e9fl\u00e9chie, accessible et d\u00e9licieuse<\/strong> Pour le voyageur moderne. Nous comprenons que votre s\u00e9jour \u00e0 Shanghai est pr\u00e9cieux. C&#039;est pourquoi nous nous concentrons sur <strong>efficacit\u00e9 et qualit\u00e9<\/strong>, vous permettant de savourer un repas copieux sans formalit\u00e9s ni longues attentes. C&#039;est l&#039;endroit id\u00e9al pour prendre un caf\u00e9 et une viennoiserie avant de prendre le m\u00e9tro, savourer un d\u00e9jeuner copieux apr\u00e8s la visite du Centre d&#039;exposition de l&#039;urbanisme, ou simplement vous d\u00e9tendre avec une tasse de th\u00e9 et admirer le rythme de la ville.<\/p><p data-spm-anchor-id=\"a2ty_o01.29997173.0.i32.30bcc921Sjso5I\">Le Caf\u00e9 Zha est plus qu&#039;un simple \u00e9quipement h\u00f4telier ; c&#039;est un <strong>joyau du quartier<\/strong> Un \u00e9tablissement qui incarne l&#039;esprit de son emplacement : pratique, connect\u00e9 et authentiquement accueillant. L\u00e0 o\u00f9 l&#039;utile rencontre l&#039;agr\u00e9able, il offre une exp\u00e9rience culinaire simple et satisfaisante qui compl\u00e8tera parfaitement votre s\u00e9jour au Pujing Waiting Hotel. Venez d\u00e9couvrir la chaleur de l&#039;hospitalit\u00e9 shangha\u00efenne, un d\u00e9lice apr\u00e8s l&#039;autre.<\/p>\t\t\t\t\t\t\t\t<\/div>\n\t\t\t\t\t<\/div>\n\t\t\t\t<\/div>\n\t\t\t\t<section class=\"elementor-section elementor-top-section elementor-element elementor-element-67c3e578 elementor-section-stretched elementor-section-boxed elementor-section-gap-beside-yes elementor-section-height-default elementor-section-height-default elementor-section-column-vertical-align-stretch\" data-id=\"67c3e578\" data-element_type=\"section\" data-e-type=\"section\" data-settings=\"{&quot;background_background&quot;:&quot;classic&quot;,&quot;stretch_section&quot;:&quot;section-stretched&quot;}\">\n\t\t\t\t\t\t<div class=\"elementor-container elementor-column-gap-extended\">\n\t\t\t\t\t<div class=\"elementor-column elementor-col-100 elementor-top-column elementor-element elementor-element-3e897979\" data-id=\"3e897979\" data-element_type=\"column\" data-e-type=\"column\">\n\t\t\t<div class=\"elementor-widget-wrap elementor-element-populated\">\n\t\t\t\t\t\t<div class=\"elementor-element elementor-element-1b189345 elementor-widget elementor-widget-heading\" data-id=\"1b189345\" data-element_type=\"widget\" data-e-type=\"widget\" data-widget_type=\"heading.default\">\n\t\t\t\t\t<h2 class=\"elementor-heading-title elementor-size-default\">Ch\u00e8que disponible <\/h2>\t\t\t\t<\/div>\n\t\t\t\t<div class=\"elementor-element elementor-element-7aeaf28e elementor-widget elementor-widget-text-editor\" data-id=\"7aeaf28e\" data-element_type=\"widget\" data-e-type=\"widget\" data-widget_type=\"text-editor.default\">\n\t\t\t\t\t\t\t\t\t<iframe border=\"0\" src=\"https:\/\/www.trip.com\/partners\/ad\/S4604854?Allianceid=4590391&#038;SID=242252557&#038;trip_sub1=\" style=\"width:900px;height:200px\" frameborder=\"0\" scrolling=\"no\" id=\"S4604854\"><\/iframe>\t\t\t\t\t\t\t\t<\/div>\n\t\t\t\t\t<\/div>\n\t\t<\/div>\n\t\t\t\t\t<\/div>\n\t\t<\/section>\n\t\t\t\t<\/div>","protected":false},"excerpt":{"rendered":"<p>A Local Culinary Haven at the Heart of Shanghai Tucked within the welcoming embrace of Pujing Waiting Hotel (Shanghai People&#8217;s Square Xinzha Road Subway Station), Caf\u00e9 Zha offers a refreshingly authentic dining experience that goes beyond the typical hotel restaurant. More than just a place to grab a meal, Caf\u00e9 Zha is designed as a [&hellip;]<\/p>\n","protected":false},"author":1,"featured_media":0,"parent":0,"menu_order":0,"comment_status":"closed","ping_status":"closed","template":"","meta":{"footnotes":""},"class_list":["post-612","page","type-page","status-publish","hentry","post-no-thumbnail"],"_links":{"self":[{"href":"https:\/\/pujingwaitinghotel.com\/fr\/wp-json\/wp\/v2\/pages\/612","targetHints":{"allow":["GET"]}}],"collection":[{"href":"https:\/\/pujingwaitinghotel.com\/fr\/wp-json\/wp\/v2\/pages"}],"about":[{"href":"https:\/\/pujingwaitinghotel.com\/fr\/wp-json\/wp\/v2\/types\/page"}],"author":[{"embeddable":true,"href":"https:\/\/pujingwaitinghotel.com\/fr\/wp-json\/wp\/v2\/users\/1"}],"replies":[{"embeddable":true,"href":"https:\/\/pujingwaitinghotel.com\/fr\/wp-json\/wp\/v2\/comments?post=612"}],"version-history":[{"count":0,"href":"https:\/\/pujingwaitinghotel.com\/fr\/wp-json\/wp\/v2\/pages\/612\/revisions"}],"wp:attachment":[{"href":"https:\/\/pujingwaitinghotel.com\/fr\/wp-json\/wp\/v2\/media?parent=612"}],"curies":[{"name":"wp","href":"https:\/\/api.w.org\/{rel}","templated":true}]}}