{"id":612,"date":"2021-03-26T10:04:13","date_gmt":"2021-03-26T10:04:13","guid":{"rendered":"http:\/\/localhost\/nuss\/?page_id=612"},"modified":"2025-07-27T12:06:20","modified_gmt":"2025-07-27T12:06:20","slug":"ristorante","status":"publish","type":"page","link":"https:\/\/pujingwaitinghotel.com\/it\/restaurant\/","title":{"rendered":"Ristorante"},"content":{"rendered":"<div data-elementor-type=\"wp-page\" data-elementor-id=\"612\" class=\"elementor elementor-612\">\n\t\t\t\t\t\t<section class=\"elementor-section elementor-top-section elementor-element elementor-element-e2effe8 elementor-section-boxed elementor-section-gap-beside-yes elementor-section-height-default elementor-section-height-default elementor-section-column-vertical-align-stretch\" data-id=\"e2effe8\" data-element_type=\"section\" data-e-type=\"section\">\n\t\t\t\t\t\t<div class=\"elementor-container elementor-column-gap-extended\">\n\t\t\t\t\t<div class=\"elementor-column elementor-col-100 elementor-top-column elementor-element elementor-element-e18f688\" data-id=\"e18f688\" data-element_type=\"column\" data-e-type=\"column\">\n\t\t\t<div class=\"elementor-widget-wrap elementor-element-populated\">\n\t\t\t\t\t\t<div class=\"elementor-element elementor-element-6db146d elementor-widget__width-initial elementor-invisible elementor-widget elementor-widget-text-editor\" data-id=\"6db146d\" data-element_type=\"widget\" data-e-type=\"widget\" data-settings=\"{&quot;_animation&quot;:&quot;nussFadeInUp&quot;}\" data-widget_type=\"text-editor.default\">\n\t\t\t\t\t\t\t\t\t<p><strong data-spm-anchor-id=\"a2ty_o01.29997173.0.i34.30bcc921Sjso5I\">Un paradiso culinario locale nel cuore di Shanghai<\/strong><\/p>\t\t\t\t\t\t\t\t<\/div>\n\t\t\t\t\t<\/div>\n\t\t<\/div>\n\t\t\t\t\t<\/div>\n\t\t<\/section>\n\t\t<div class=\"elementor-element elementor-element-c1e1375 e-flex e-con-boxed e-con e-parent\" data-id=\"c1e1375\" data-element_type=\"container\" data-e-type=\"container\">\n\t\t\t\t\t<div class=\"e-con-inner\">\n\t\t\t\t<div class=\"elementor-element elementor-element-ed3722f elementor-widget elementor-widget-text-editor\" data-id=\"ed3722f\" data-element_type=\"widget\" data-e-type=\"widget\" data-widget_type=\"text-editor.default\">\n\t\t\t\t\t\t\t\t\t<p data-spm-anchor-id=\"a2ty_o01.29997173.0.i33.30bcc921Sjso5I\">Racchiuso nell&#039;abbraccio accogliente di <strong>Pujing Waiting Hotel (stazione della metropolitana Xinzha Road di Shanghai People&#039;s Square)<\/strong>, <strong>Caff\u00e8 Zha<\/strong> Offre un&#039;esperienza culinaria rinfrescante e autentica che va oltre il tipico ristorante d&#039;hotel. Pi\u00f9 di un semplice posto dove mangiare, il Caf\u00e9 Zha \u00e8 concepito come un <strong>crocevia culinario<\/strong> dove i sapori vivaci di Shanghai incontrano la praticit\u00e0 della cucina internazionale, creando un&#039;atmosfera calda e invitante sia per gli ospiti che per la gente del posto.<\/p><p>Situato a pochi passi dal vivace <strong>Stazione della metropolitana di Xinzha Road<\/strong>, il nostro bar \u00e8 posizionato in modo ideale nel <strong>Distretto di Huangpu<\/strong>, il cuore culturale e commerciale della citt\u00e0. Che siate appena arrivati dalla metropolitana o che vi stiate preparando per una giornata alla scoperta <strong>Piazza del Popolo<\/strong> e il <strong>Museo di Shanghai<\/strong>Che siate alla ricerca di un momento di relax dopo una lunga giornata di riunioni di lavoro, il Caf\u00e9 Zha offre la pausa perfetta. Il nostro men\u00f9 celebra la ricca tradizione culinaria cinese, soddisfacendo al contempo i palati di tutto il mondo. Iniziate la giornata con un nutriente <strong>Colazione di Shanghai<\/strong>\u2014assaporare ciotole fumanti di congee, delicate <em>xiao lungo bao<\/em> (ravioli in brodo) o gustose frittelle di cipollotto, tutte preparate con ingredienti freschi e di provenienza locale. Per chi cerca comfort familiari, offriamo anche un piatto ben preparato <strong>Colazione a buffet occidentale<\/strong> con uova, toast, pasticcini e caff\u00e8 di prima qualit\u00e0.<\/p>\t\t\t\t\t\t\t\t<\/div>\n\t\t\t\t\t<\/div>\n\t\t\t\t<\/div>\n\t\t<div class=\"elementor-element elementor-element-b9e9f61 e-flex e-con-boxed e-con e-parent\" data-id=\"b9e9f61\" data-element_type=\"container\" data-e-type=\"container\">\n\t\t\t\t\t<div class=\"e-con-inner\">\n\t\t\t\t<div class=\"elementor-element elementor-element-0594e4b elementor-widget elementor-widget-nuss-image-gallery\" data-id=\"0594e4b\" data-element_type=\"widget\" data-e-type=\"widget\" data-widget_type=\"nuss-image-gallery.default\">\n\t\t\t\t<div class=\"elementor-widget-container\">\n\t\t\t\t\t\t\t<div class=\"nuss-grid-wrapper\" data-grid=\"{&quot;type&quot;:&quot;grid&quot;,&quot;ratio&quot;:null,&quot;columns&quot;:3,&quot;gutter&quot;:30}\">\r\n\t\t\t<div class=\"nuss-grid lazy-grid\">\r\n\t\t\t\t<div class=\"grid-sizer\"><\/div>\r\n\r\n\t\t\t\t\t\t\t\t\t\t\t\t<div class=\"grid-item\">\r\n\t\t\t\t\t\t<div class=\"nuss-box\">\t\t<div class=\"nuss-image image\">\r\n\t\t\t<img decoding=\"async\"  src=\"https:\/\/pujingwaitinghotel.com\/wp-content\/uploads\/2025\/07\/Pujing-Waiting-Hotel-23.webp\" alt=\"Hotel di attesa Pujing (23)\" \/>\t\t<\/div>\r\n\t\t\t\t<\/div>\t\t\t\t\t<\/div>\r\n\t\t\t\t\t\t<div class=\"grid-item\">\r\n\t\t\t\t\t\t<div class=\"nuss-box\">\t\t<div class=\"nuss-image image\">\r\n\t\t\t<img decoding=\"async\"  src=\"https:\/\/pujingwaitinghotel.com\/wp-content\/uploads\/2025\/07\/Pujing-Waiting-Hotel-22.webp\" alt=\"Hotel di attesa Pujing (22)\" \/>\t\t<\/div>\r\n\t\t\t\t<\/div>\t\t\t\t\t<\/div>\r\n\t\t\t\t\t\t<div class=\"grid-item\">\r\n\t\t\t\t\t\t<div class=\"nuss-box\">\t\t<div class=\"nuss-image image\">\r\n\t\t\t<img decoding=\"async\"  src=\"https:\/\/pujingwaitinghotel.com\/wp-content\/uploads\/2025\/07\/Pujing-Waiting-Hotel-20.webp\" alt=\"Hotel di attesa Pujing (20)\" \/>\t\t<\/div>\r\n\t\t\t\t<\/div>\t\t\t\t\t<\/div>\r\n\t\t\t\t\t\t<div class=\"grid-item\">\r\n\t\t\t\t\t\t<div class=\"nuss-box\">\t\t<div class=\"nuss-image image\">\r\n\t\t\t<img decoding=\"async\"  src=\"https:\/\/pujingwaitinghotel.com\/wp-content\/uploads\/2025\/07\/Pujing-Waiting-Hotel-21.webp\" alt=\"Hotel di attesa Pujing (21)\" \/>\t\t<\/div>\r\n\t\t\t\t<\/div>\t\t\t\t\t<\/div>\r\n\t\t\t\t\t\t<div class=\"grid-item\">\r\n\t\t\t\t\t\t<div class=\"nuss-box\">\t\t<div class=\"nuss-image image\">\r\n\t\t\t<img decoding=\"async\"  src=\"https:\/\/pujingwaitinghotel.com\/wp-content\/uploads\/2025\/07\/Pujing-Waiting-Hotel-19.webp\" alt=\"Hotel di attesa Pujing (19)\" \/>\t\t<\/div>\r\n\t\t\t\t<\/div>\t\t\t\t\t<\/div>\r\n\t\t\t\t\t\t<div class=\"grid-item\">\r\n\t\t\t\t\t\t<div class=\"nuss-box\">\t\t<div class=\"nuss-image image\">\r\n\t\t\t<img decoding=\"async\"  src=\"https:\/\/pujingwaitinghotel.com\/wp-content\/uploads\/2025\/07\/Pujing-Waiting-Hotel-18.webp\" alt=\"Hotel di attesa Pujing (18)\" \/>\t\t<\/div>\r\n\t\t\t\t<\/div>\t\t\t\t\t<\/div>\r\n\t\t\t\t\t\t<div class=\"grid-item\">\r\n\t\t\t\t\t\t<div class=\"nuss-box\">\t\t<div class=\"nuss-image image\">\r\n\t\t\t<img decoding=\"async\"  src=\"https:\/\/pujingwaitinghotel.com\/wp-content\/uploads\/2025\/07\/Pujing-Waiting-Hotel-5.webp\" alt=\"Hotel di attesa Pujing (5)\" \/>\t\t<\/div>\r\n\t\t\t\t<\/div>\t\t\t\t\t<\/div>\r\n\t\t\t\t\t\t<div class=\"grid-item\">\r\n\t\t\t\t\t\t<div class=\"nuss-box\">\t\t<div class=\"nuss-image image\">\r\n\t\t\t<img decoding=\"async\"  src=\"https:\/\/pujingwaitinghotel.com\/wp-content\/uploads\/2025\/07\/Pujing-Waiting-Hotel-6.webp\" alt=\"Hotel di attesa Pujing (6)\" \/>\t\t<\/div>\r\n\t\t\t\t<\/div>\t\t\t\t\t<\/div>\r\n\t\t\t\t\t\t\t\r\n\t\t\t<\/div>\r\n\t\t<\/div>\r\n\t\t\t\t\t\t<\/div>\n\t\t\t\t<\/div>\n\t\t\t\t\t<\/div>\n\t\t\t\t<\/div>\n\t\t<div class=\"elementor-element elementor-element-07bc6c2 e-flex e-con-boxed e-con e-parent\" data-id=\"07bc6c2\" data-element_type=\"container\" data-e-type=\"container\">\n\t\t\t\t\t<div class=\"e-con-inner\">\n\t\t\t\t<div class=\"elementor-element elementor-element-183ae70 elementor-widget elementor-widget-text-editor\" data-id=\"183ae70\" data-element_type=\"widget\" data-e-type=\"widget\" data-widget_type=\"text-editor.default\">\n\t\t\t\t\t\t\t\t\t<p>Con il passare della giornata, il Caf\u00e9 Zha si trasforma in un luogo rilassante per pranzi leggeri e rinfreschi pomeridiani. Il nostro menu offre una selezione curata di <strong>specialit\u00e0 asiatiche<\/strong>, da fragranti ciotole di noodle e saporiti piatti di riso a insalate croccanti e bevande rinfrescanti. Siamo orgogliosi di utilizzare ingredienti di alta qualit\u00e0 per offrire pasti costanti e appaganti che alimenteranno la vostra avventura a Shanghai. L&#039;atmosfera \u00e8 moderna e minimalista, riflettendo il design efficiente e pulito del Pujing Waiting Hotel, ma \u00e8 permeata da un senso di calore e accessibilit\u00e0. Ampie finestre lasciano entrare la luce naturale, creando uno spazio luminoso e arioso, perfetto per leggere, lavorare al computer o godersi una conversazione tranquilla.<\/p><p>Sebbene il Caf\u00e9 Zha non possa vantare un ristorante con servizio completo o un elaborato menu per la cena, eccelle nel fornire <strong>cibo premuroso, accessibile e delizioso<\/strong> Per il viaggiatore moderno. Sappiamo che il tuo tempo a Shanghai \u00e8 prezioso. Ecco perch\u00e9 ci concentriamo su <strong>efficienza e qualit\u00e0<\/strong>, garantendovi un pasto appagante senza formalit\u00e0 o lunghe attese. \u00c8 un posto dove potete prendere un caff\u00e8 veloce e un pasticcino prima di andare alla metropolitana, gustare un pranzo abbondante dopo aver visitato l&#039;Urban Planning Exhibition Center o semplicemente rilassarvi con una tazza di t\u00e8 e osservare il ritmo della citt\u00e0.<\/p><p data-spm-anchor-id=\"a2ty_o01.29997173.0.i32.30bcc921Sjso5I\">Il Caf\u00e9 Zha \u00e8 pi\u00f9 di un semplice servizio dell&#039;hotel; \u00e8 un <strong>gioiello di quartiere<\/strong> Che incarna lo spirito della sua posizione: comodo, connesso e genuinamente accogliente. \u00c8 il luogo in cui la praticit\u00e0 incontra il piacere, offrendo un&#039;esperienza culinaria semplice e appagante che completa il vostro soggiorno al Pujing Waiting Hotel. Venite a provare il calore dell&#039;ospitalit\u00e0 di Shanghai, un delizioso boccone alla volta.<\/p>\t\t\t\t\t\t\t\t<\/div>\n\t\t\t\t\t<\/div>\n\t\t\t\t<\/div>\n\t\t\t\t<section class=\"elementor-section elementor-top-section elementor-element elementor-element-67c3e578 elementor-section-stretched elementor-section-boxed elementor-section-gap-beside-yes elementor-section-height-default elementor-section-height-default elementor-section-column-vertical-align-stretch\" data-id=\"67c3e578\" data-element_type=\"section\" data-e-type=\"section\" data-settings=\"{&quot;background_background&quot;:&quot;classic&quot;,&quot;stretch_section&quot;:&quot;section-stretched&quot;}\">\n\t\t\t\t\t\t<div class=\"elementor-container elementor-column-gap-extended\">\n\t\t\t\t\t<div class=\"elementor-column elementor-col-100 elementor-top-column elementor-element elementor-element-3e897979\" data-id=\"3e897979\" data-element_type=\"column\" data-e-type=\"column\">\n\t\t\t<div class=\"elementor-widget-wrap elementor-element-populated\">\n\t\t\t\t\t\t<div class=\"elementor-element elementor-element-1b189345 elementor-widget elementor-widget-heading\" data-id=\"1b189345\" data-element_type=\"widget\" data-e-type=\"widget\" data-widget_type=\"heading.default\">\n\t\t\t\t\t<h2 class=\"elementor-heading-title elementor-size-default\">Controlla disponibile <\/h2>\t\t\t\t<\/div>\n\t\t\t\t<div class=\"elementor-element elementor-element-7aeaf28e elementor-widget elementor-widget-text-editor\" data-id=\"7aeaf28e\" data-element_type=\"widget\" data-e-type=\"widget\" data-widget_type=\"text-editor.default\">\n\t\t\t\t\t\t\t\t\t<iframe border=\"0\" src=\"https:\/\/www.trip.com\/partners\/ad\/S4604854?Allianceid=4590391&#038;SID=242252557&#038;trip_sub1=\" style=\"width:900px;height:200px\" frameborder=\"0\" scrolling=\"no\" id=\"S4604854\"><\/iframe>\t\t\t\t\t\t\t\t<\/div>\n\t\t\t\t\t<\/div>\n\t\t<\/div>\n\t\t\t\t\t<\/div>\n\t\t<\/section>\n\t\t\t\t<\/div>","protected":false},"excerpt":{"rendered":"<p>A Local Culinary Haven at the Heart of Shanghai Tucked within the welcoming embrace of Pujing Waiting Hotel (Shanghai People&#8217;s Square Xinzha Road Subway Station), Caf\u00e9 Zha offers a refreshingly authentic dining experience that goes beyond the typical hotel restaurant. More than just a place to grab a meal, Caf\u00e9 Zha is designed as a [&hellip;]<\/p>\n","protected":false},"author":1,"featured_media":0,"parent":0,"menu_order":0,"comment_status":"closed","ping_status":"closed","template":"","meta":{"footnotes":""},"class_list":["post-612","page","type-page","status-publish","hentry","post-no-thumbnail"],"_links":{"self":[{"href":"https:\/\/pujingwaitinghotel.com\/it\/wp-json\/wp\/v2\/pages\/612","targetHints":{"allow":["GET"]}}],"collection":[{"href":"https:\/\/pujingwaitinghotel.com\/it\/wp-json\/wp\/v2\/pages"}],"about":[{"href":"https:\/\/pujingwaitinghotel.com\/it\/wp-json\/wp\/v2\/types\/page"}],"author":[{"embeddable":true,"href":"https:\/\/pujingwaitinghotel.com\/it\/wp-json\/wp\/v2\/users\/1"}],"replies":[{"embeddable":true,"href":"https:\/\/pujingwaitinghotel.com\/it\/wp-json\/wp\/v2\/comments?post=612"}],"version-history":[{"count":0,"href":"https:\/\/pujingwaitinghotel.com\/it\/wp-json\/wp\/v2\/pages\/612\/revisions"}],"wp:attachment":[{"href":"https:\/\/pujingwaitinghotel.com\/it\/wp-json\/wp\/v2\/media?parent=612"}],"curies":[{"name":"parola chiave","href":"https:\/\/api.w.org\/{rel}","templated":true}]}}