{"id":647,"date":"2021-03-29T02:13:52","date_gmt":"2021-03-29T02:13:52","guid":{"rendered":"http:\/\/localhost\/nuss\/?page_id=647"},"modified":"2025-07-27T13:31:58","modified_gmt":"2025-07-27T13:31:58","slug":"servizi","status":"publish","type":"page","link":"https:\/\/pujingwaitinghotel.com\/it\/services\/","title":{"rendered":"Servizi"},"content":{"rendered":"<div data-elementor-type=\"wp-page\" data-elementor-id=\"647\" class=\"elementor elementor-647\">\n\t\t\t\t\t\t<section class=\"elementor-section elementor-top-section elementor-element elementor-element-3353bc8 elementor-section-boxed elementor-section-gap-beside-yes elementor-section-height-default elementor-section-height-default elementor-section-column-vertical-align-stretch\" data-id=\"3353bc8\" data-element_type=\"section\" data-e-type=\"section\">\n\t\t\t\t\t\t<div class=\"elementor-container elementor-column-gap-extended\">\n\t\t\t\t\t<div class=\"elementor-column elementor-col-100 elementor-top-column elementor-element elementor-element-0a2bc64\" data-id=\"0a2bc64\" data-element_type=\"column\" data-e-type=\"column\">\n\t\t\t<div class=\"elementor-widget-wrap elementor-element-populated\">\n\t\t\t\t\t\t<div class=\"elementor-element elementor-element-447e3ef elementor-widget__width-initial elementor-invisible elementor-widget elementor-widget-text-editor\" data-id=\"447e3ef\" data-element_type=\"widget\" data-e-type=\"widget\" data-settings=\"{&quot;_animation&quot;:&quot;nussFadeInUp&quot;}\" data-widget_type=\"text-editor.default\">\n\t\t\t\t\t\t\t\t\t<p>Facciamo del nostro meglio per offrire a tutti i nostri ospiti i servizi e le strutture necessari per rendere il loro soggiorno indimenticabile.<\/p>\t\t\t\t\t\t\t\t<\/div>\n\t\t\t\t\t<\/div>\n\t\t<\/div>\n\t\t\t\t\t<\/div>\n\t\t<\/section>\n\t\t<div class=\"elementor-element elementor-element-f820377 e-flex e-con-boxed e-con e-parent\" data-id=\"f820377\" data-element_type=\"container\" data-e-type=\"container\">\n\t\t\t\t\t<div class=\"e-con-inner\">\n\t\t\t\t<div class=\"elementor-element elementor-element-29c4ffc elementor-widget elementor-widget-text-editor\" data-id=\"29c4ffc\" data-element_type=\"widget\" data-e-type=\"widget\" data-widget_type=\"text-editor.default\">\n\t\t\t\t\t\t\t\t\t<p>A <strong>Pujing Waiting Hotel (stazione della metropolitana Xinzha Road di Shanghai People&#039;s Square)<\/strong>, comprendiamo che un soggiorno di successo in una metropoli vibrante come Shanghai dipende da <strong>affidabilit\u00e0, praticit\u00e0 e attenta cura dei dettagli<\/strong>I nostri servizi sono meticolosamente progettati per offrirti un&#039;esperienza fluida e senza stress, permettendoti di concentrarti sull&#039;esplorazione dell&#039;energia inesauribile della citt\u00e0, dai vicoli storici vicino a Piazza del Popolo allo skyline mozzafiato del Bund. Situato a pochi passi da <strong>Stazione della metropolitana di Xinzha Road (linea 1)<\/strong>il nostro hotel \u00e8 un rifugio pratico e confortevole, dove i comfort moderni si uniscono a un&#039;ospitalit\u00e0 efficiente e attenta alle esigenze del cliente.<\/p><h3 data-spm-anchor-id=\"a2ty_o01.29997173.0.i40.30bcc921Sjso5I\"><strong>Reception aperta 24 ore su 24 e assistenza personalizzata per gli ospiti<\/strong><\/h3><p>Il tuo viaggio inizia nel momento in cui arrivi. Il nostro <strong>reception dedicata 24 ore su 24<\/strong> Il nostro team multilingue \u00e8 pronto ad assistervi a qualsiasi ora. Che arriviate con un volo la mattina presto, torniate tardi da una cena di lavoro o abbiate semplicemente bisogno di consigli locali, il nostro staff \u00e8 qui per aiutarvi. Offriamo servizi essenziali come <strong>deposito bagagli<\/strong> Per gli ospiti che arrivano prima del check-in o partono dopo il check-out, per permettervi di esplorare la citt\u00e0 in tutta libert\u00e0. Avete bisogno di indicazioni per il Museo di Shanghai o di aiuto per chiamare un Didi (l&#039;Uber cinese)? Il nostro team \u00e8 competente e pronto a rendere il vostro soggiorno il pi\u00f9 piacevole possibile.<\/p><h3><strong>Wi-Fi ad alta velocit\u00e0 gratuito per il viaggiatore connesso<\/strong><\/h3><p>Nel mondo di oggi, rimanere connessi non \u00e8 negoziabile. Ecco perch\u00e9 <strong>Wi-Fi ad alta velocit\u00e0 gratuito<\/strong> \u00c8 disponibile in tutto l&#039;hotel, dalla hall a ogni camera. Che siate viaggiatori d&#039;affari impegnati a ultimare una presentazione, studenti alla ricerca della vostra prossima destinazione o semplicemente a condividere foto con i vostri cari, la nostra affidabile connessione internet vi terr\u00e0 costantemente connessi a ci\u00f2 che conta.<\/p><h3><strong>Camere confortevoli e ben attrezzate<\/strong><\/h3><p>Il nostro servizio si estende fino al santuario della vostra camera, progettata per il riposo e il ringiovanimento. Ogni camera \u00e8 arredata con cura e dotata di comfort moderni per garantire un soggiorno confortevole. Godetevi la comodit\u00e0 di <strong>aria condizionata<\/strong> per sfuggire al caldo estivo o al freddo invernale e rilassarsi con un <strong>TV a schermo piatto<\/strong> offrendo una selezione di canali. Una spaziosa <strong>scrivania da lavoro e sedia ergonomica<\/strong> Forniamo il luogo perfetto per il lavoro da remoto o per pianificare il tuo itinerario. Per garantire che i tuoi dispositivi siano sempre carichi, forniamo <strong>prese di corrente multistandard<\/strong>, che ospita una variet\u00e0 di prese internazionali. Per la vostra tranquillit\u00e0, ogni camera dispone di un <strong>cassetta di sicurezza<\/strong> per conservare in modo sicuro i tuoi oggetti di valore.<\/p><h3><strong>Pulizia e ambiente tranquillo<\/strong><\/h3><p>Diamo priorit\u00e0 al tuo benessere con un rigoroso <strong>politica antifumo<\/strong> in tutto l&#039;hotel. Questo impegno crea un ambiente pulito, fresco e sano per tutti gli ospiti, favorendo un sonno migliore e un&#039;atmosfera pi\u00f9 piacevole. Il nostro team addetto alle pulizie aderisce a rigorosi protocolli di pulizia, garantendo che ogni camera sia impeccabile e meticolosamente preparata per il vostro arrivo, con biancheria fresca e superfici igienizzate.<\/p><h3><strong>Posizione comoda come servizio fondamentale<\/strong><\/h3><p>Forse il nostro servizio pi\u00f9 prezioso \u00e8 il nostro <strong>posizione imbattibile<\/strong>Situato nel cuore del distretto di Huangpu, il Pujing Waiting Hotel trasforma la citt\u00e0 stessa in un&#039;estensione dei nostri servizi. Essendo a solo un <strong>A 2 minuti a piedi dalla stazione della metropolitana di Xinzha Road<\/strong> sulla Linea 1 avrai accesso diretto alle destinazioni pi\u00f9 iconiche di Shanghai:<\/p><ul><li><strong>Piazza del Popolo e Museo di Shanghai:<\/strong> A 5 minuti di distanza.<\/li><li><strong>Via pedonale Nanjing Road:<\/strong> Solo 2 fermate.<\/li><li><strong>Il Bund:<\/strong> Un viaggio panoramico di 10 minuti.<\/li><li><strong>Stazione ferroviaria di Shanghai:<\/strong> Facilmente accessibile per proseguire il viaggio.<\/li><\/ul><p>Questa vicinanza elimina lo stress e i costi dei lunghi tragitti in taxi, mettendo il cuore culturale e commerciale di Shanghai a portata di mano.<\/p><h3><strong>Un focus su praticit\u00e0 e valore<\/strong><\/h3><p>Sebbene il Pujing Waiting Hotel non offra un ristorante con servizio completo, una spa o un centro fitness, la nostra filosofia di servizio \u00e8 incentrata su <strong>praticit\u00e0 e valore<\/strong>Forniamo i servizi essenziali per un soggiorno confortevole ed efficiente, il che ci permette di offrire un rapporto qualit\u00e0-prezzo eccezionale. Per quanto riguarda la ristorazione, la zona circostante \u00e8 ricca di opzioni, dai minimarket aperti 24 ore su 24 alle bancarelle di street food locale. <em>xiaolongbao<\/em> e pancake di cipollotto a una vasta gamma di ristoranti che offrono di tutto, dalla cucina di Shanghai a quella internazionale. Il nostro obiettivo \u00e8 essere il vostro punto di riferimento affidabile, offrendovi la libert\u00e0 e la flessibilit\u00e0 necessarie per vivere l&#039;autentica atmosfera di Shanghai.<\/p><p data-spm-anchor-id=\"a2ty_o01.29997173.0.i39.30bcc921Sjso5I\">Al Pujing Waiting Hotel, i nostri servizi non riguardano la stravaganza, ma <strong>efficienza, comfort e potenziamento della tua esplorazione<\/strong>Offriamo uno spazio pulito, tranquillo e ben collegato dove puoi riposarti, ricaricarti e lanciare le tue avventure in una delle citt\u00e0 pi\u00f9 dinamiche del mondo.<\/p>\t\t\t\t\t\t\t\t<\/div>\n\t\t\t\t\t<\/div>\n\t\t\t\t<\/div>\n\t\t\t\t<section class=\"elementor-section elementor-top-section elementor-element elementor-element-238ba899 elementor-section-stretched elementor-section-boxed elementor-section-gap-beside-yes elementor-section-height-default elementor-section-height-default elementor-section-column-vertical-align-stretch\" data-id=\"238ba899\" data-element_type=\"section\" data-e-type=\"section\" data-settings=\"{&quot;background_background&quot;:&quot;classic&quot;,&quot;stretch_section&quot;:&quot;section-stretched&quot;}\">\n\t\t\t\t\t\t<div class=\"elementor-container elementor-column-gap-extended\">\n\t\t\t\t\t<div class=\"elementor-column elementor-col-100 elementor-top-column elementor-element elementor-element-142b2f85\" data-id=\"142b2f85\" data-element_type=\"column\" data-e-type=\"column\">\n\t\t\t<div class=\"elementor-widget-wrap elementor-element-populated\">\n\t\t\t\t\t\t<div class=\"elementor-element elementor-element-a9a84f5 elementor-widget elementor-widget-heading\" data-id=\"a9a84f5\" data-element_type=\"widget\" data-e-type=\"widget\" data-widget_type=\"heading.default\">\n\t\t\t\t\t<h2 class=\"elementor-heading-title elementor-size-default\">Controlla disponibile <\/h2>\t\t\t\t<\/div>\n\t\t\t\t<div class=\"elementor-element elementor-element-5f9003ed elementor-widget elementor-widget-text-editor\" data-id=\"5f9003ed\" data-element_type=\"widget\" data-e-type=\"widget\" data-widget_type=\"text-editor.default\">\n\t\t\t\t\t\t\t\t\t<iframe border=\"0\" src=\"https:\/\/www.trip.com\/partners\/ad\/S4604854?Allianceid=4590391&#038;SID=242252557&#038;trip_sub1=\" style=\"width:900px;height:200px\" frameborder=\"0\" scrolling=\"no\" id=\"S4604854\"><\/iframe>\t\t\t\t\t\t\t\t<\/div>\n\t\t\t\t\t<\/div>\n\t\t<\/div>\n\t\t\t\t\t<\/div>\n\t\t<\/section>\n\t\t\t\t<\/div>","protected":false},"excerpt":{"rendered":"<p>We do our best to offer all our guests the services and facilities to make their stay a memorable one. At Pujing Waiting Hotel (Shanghai People&#8217;s Square Xinzha Road Subway Station), we understand that a successful stay in a vibrant metropolis like Shanghai hinges on reliability, convenience, and thoughtful attention to detail. Our services are [&hellip;]<\/p>\n","protected":false},"author":1,"featured_media":0,"parent":0,"menu_order":0,"comment_status":"closed","ping_status":"closed","template":"","meta":{"footnotes":""},"class_list":["post-647","page","type-page","status-publish","hentry","post-no-thumbnail"],"_links":{"self":[{"href":"https:\/\/pujingwaitinghotel.com\/it\/wp-json\/wp\/v2\/pages\/647","targetHints":{"allow":["GET"]}}],"collection":[{"href":"https:\/\/pujingwaitinghotel.com\/it\/wp-json\/wp\/v2\/pages"}],"about":[{"href":"https:\/\/pujingwaitinghotel.com\/it\/wp-json\/wp\/v2\/types\/page"}],"author":[{"embeddable":true,"href":"https:\/\/pujingwaitinghotel.com\/it\/wp-json\/wp\/v2\/users\/1"}],"replies":[{"embeddable":true,"href":"https:\/\/pujingwaitinghotel.com\/it\/wp-json\/wp\/v2\/comments?post=647"}],"version-history":[{"count":0,"href":"https:\/\/pujingwaitinghotel.com\/it\/wp-json\/wp\/v2\/pages\/647\/revisions"}],"wp:attachment":[{"href":"https:\/\/pujingwaitinghotel.com\/it\/wp-json\/wp\/v2\/media?parent=647"}],"curies":[{"name":"parola chiave","href":"https:\/\/api.w.org\/{rel}","templated":true}]}}